{"id":1942,"date":"2021-09-08T21:40:09","date_gmt":"2021-09-08T21:40:09","guid":{"rendered":"https:\/\/s43008.p1365.sites.pressdns.com\/?page_id=1942"},"modified":"2021-11-29T21:42:05","modified_gmt":"2021-11-29T21:42:05","slug":"whats-next","status":"publish","type":"page","link":"https:\/\/encounter.com\/es\/whats-next\/","title":{"rendered":"What&#8217;s Next?"},"content":{"rendered":"<div data-elementor-type=\"wp-post\" data-elementor-id=\"1942\" class=\"elementor elementor-1942\" data-elementor-post-type=\"page\">\n\t\t\t\t\t\t<section class=\"elementor-section elementor-top-section elementor-element elementor-element-dbe3ee3 elementor-section-boxed elementor-section-height-default elementor-section-height-default wpr-particle-no wpr-jarallax-no wpr-parallax-no wpr-sticky-section-no\" data-id=\"dbe3ee3\" data-element_type=\"section\" data-e-type=\"section\">\n\t\t\t\t\t\t<div class=\"elementor-container elementor-column-gap-default\">\n\t\t\t\t\t<div class=\"elementor-column elementor-col-100 elementor-top-column elementor-element elementor-element-92b462a\" data-id=\"92b462a\" data-element_type=\"column\" data-e-type=\"column\">\n\t\t\t<div class=\"elementor-widget-wrap elementor-element-populated\">\n\t\t\t\t\t\t<div class=\"elementor-element elementor-element-89ff37c elementor-widget elementor-widget-heading\" data-id=\"89ff37c\" data-element_type=\"widget\" data-e-type=\"widget\" data-widget_type=\"heading.default\">\n\t\t\t\t<div class=\"elementor-widget-container\">\n\t\t\t\t\t<h1 class=\"elementor-heading-title elementor-size-xxl\">\u00bfY ahora <br>qu\u00e9?<\/h1>\t\t\t\t<\/div>\n\t\t\t\t<\/div>\n\t\t\t\t\t<\/div>\n\t\t<\/div>\n\t\t\t\t\t<\/div>\n\t\t<\/section>\n\t\t\t\t<section class=\"elementor-section elementor-top-section elementor-element elementor-element-08461a9 elementor-section-boxed elementor-section-height-default elementor-section-height-default wpr-particle-no wpr-jarallax-no wpr-parallax-no wpr-sticky-section-no\" data-id=\"08461a9\" data-element_type=\"section\" data-e-type=\"section\">\n\t\t\t\t\t\t<div class=\"elementor-container elementor-column-gap-wider\">\n\t\t\t\t\t<div class=\"elementor-column elementor-col-33 elementor-top-column elementor-element elementor-element-c6f85bc\" data-id=\"c6f85bc\" data-element_type=\"column\" data-e-type=\"column\">\n\t\t\t<div class=\"elementor-widget-wrap elementor-element-populated\">\n\t\t\t\t\t\t<div class=\"elementor-element elementor-element-d29b166 elementor-widget elementor-widget-image\" data-id=\"d29b166\" data-element_type=\"widget\" data-e-type=\"widget\" data-widget_type=\"image.default\">\n\t\t\t\t<div class=\"elementor-widget-container\">\n\t\t\t\t\t\t\t\t\t\t\t\t\t\t\t<img decoding=\"async\" src=\"https:\/\/encounter.com\/wp-content\/uploads\/elementor\/thumbs\/WN_pray-przgzbbelu4189bz2q5m8txoip34w698b21mcgkjk0.png\" title=\"WN_pray\" alt=\"WN_pray\" loading=\"lazy\" \/>\t\t\t\t\t\t\t\t\t\t\t\t\t\t\t<\/div>\n\t\t\t\t<\/div>\n\t\t\t\t\t<\/div>\n\t\t<\/div>\n\t\t\t\t<div class=\"elementor-column elementor-col-66 elementor-top-column elementor-element elementor-element-14f9637\" data-id=\"14f9637\" data-element_type=\"column\" data-e-type=\"column\">\n\t\t\t<div class=\"elementor-widget-wrap elementor-element-populated\">\n\t\t\t\t\t\t<div class=\"elementor-element elementor-element-a1bc950 elementor-widget elementor-widget-text-editor\" data-id=\"a1bc950\" data-element_type=\"widget\" data-e-type=\"widget\" data-widget_type=\"text-editor.default\">\n\t\t\t\t<div class=\"elementor-widget-container\">\n\t\t\t\t\t\t\t\t\t<h2 style=\"box-sizing: inherit; font-variant-ligatures: normal; letter-spacing: 0.4px; orphans: 2; widows: 2; text-decoration-thickness: initial;\">Ora<\/h2><p style=\"box-sizing: inherit; color: #464646; font-family: Roboto; font-variant-ligatures: normal; orphans: 2; widows: 2; text-decoration-thickness: initial;\">Todos sabemos que la comunicaci\u00f3n es un componente clave para cualquier relaci\u00f3n sana. Eso es lo que es la oraci\u00f3n: tener una conversaci\u00f3n con Dios. Dios se preocupa por nosotros y quiere que compartamos nuestro coraz\u00f3n con \u00e9l. No tiene que ser nada formal; puede suceder en cualquier lugar y en cualquier momento. Conduciendo a casa desde el trabajo. Lavando los platos. En la cama por la noche. \u00c9l siempre est\u00e1 disponible y dispuesto a escuchar. El tambi\u00e9n nos habla si nosotros estamos dispuestos a escuchar.<\/p>\t\t\t\t\t\t\t\t<\/div>\n\t\t\t\t<\/div>\n\t\t\t\t\t<\/div>\n\t\t<\/div>\n\t\t\t\t\t<\/div>\n\t\t<\/section>\n\t\t\t\t<section class=\"elementor-section elementor-top-section elementor-element elementor-element-ebeb83e elementor-reverse-tablet elementor-reverse-mobile elementor-section-boxed elementor-section-height-default elementor-section-height-default wpr-particle-no wpr-jarallax-no wpr-parallax-no wpr-sticky-section-no\" data-id=\"ebeb83e\" data-element_type=\"section\" data-e-type=\"section\">\n\t\t\t\t\t\t<div class=\"elementor-container elementor-column-gap-wider\">\n\t\t\t\t\t<div class=\"elementor-column elementor-col-66 elementor-top-column elementor-element elementor-element-8cae0e4\" data-id=\"8cae0e4\" data-element_type=\"column\" data-e-type=\"column\">\n\t\t\t<div class=\"elementor-widget-wrap elementor-element-populated\">\n\t\t\t\t\t\t<div class=\"elementor-element elementor-element-bcb9f75 elementor-widget elementor-widget-text-editor\" data-id=\"bcb9f75\" data-element_type=\"widget\" data-e-type=\"widget\" data-widget_type=\"text-editor.default\">\n\t\t\t\t<div class=\"elementor-widget-container\">\n\t\t\t\t\t\t\t\t\t<h3>Consigue una Biblia<\/h3><p><span style=\"color: #464646; font-family: Roboto; font-variant-ligatures: normal; letter-spacing: 0.4px; orphans: 2; widows: 2; text-decoration-thickness: initial;\">La Biblia es la palabra de Dios. Cada p\u00e1gina est\u00e1 llena de aliento e instrucci\u00f3n para nuestras propias vidas. Las palabras de la Biblia dan vida a nuestro coraz\u00f3n, mente, cuerpo y esp\u00edritu.\u202fRomanos 10:17\u202fdice que \u201c\u2026la fe\u202fviene\u202fdel o\u00edr, y el o\u00edr, por la palabra de Cristo\u201d. La Biblia hace crecer nuestra fe. Si desea una Biblia gratis,\u202fpuedes averiguar d\u00f3nde conseguir una aqu\u00ed.<\/span><\/p>\t\t\t\t\t\t\t\t<\/div>\n\t\t\t\t<\/div>\n\t\t\t\t<div class=\"elementor-element elementor-element-b90ba1b elementor-tablet-align-center elementor-widget elementor-widget-button\" data-id=\"b90ba1b\" data-element_type=\"widget\" data-e-type=\"widget\" data-widget_type=\"button.default\">\n\t\t\t\t<div class=\"elementor-widget-container\">\n\t\t\t\t\t\t\t\t\t<div class=\"elementor-button-wrapper\">\n\t\t\t\t\t<a class=\"elementor-button elementor-button-link elementor-size-sm\" href=\"https:\/\/seedtime.com\/free-bible\/\">\n\t\t\t\t\t\t<span class=\"elementor-button-content-wrapper\">\n\t\t\t\t\t\t\t\t\t<span class=\"elementor-button-text\">CONSIGUE UNA BIBLIA GRATIS<\/span>\n\t\t\t\t\t<\/span>\n\t\t\t\t\t<\/a>\n\t\t\t\t<\/div>\n\t\t\t\t\t\t\t\t<\/div>\n\t\t\t\t<\/div>\n\t\t\t\t\t<\/div>\n\t\t<\/div>\n\t\t\t\t<div class=\"elementor-column elementor-col-33 elementor-top-column elementor-element elementor-element-2f70fc3\" data-id=\"2f70fc3\" data-element_type=\"column\" data-e-type=\"column\">\n\t\t\t<div class=\"elementor-widget-wrap elementor-element-populated\">\n\t\t\t\t\t\t<div class=\"elementor-element elementor-element-34d8d42 elementor-widget elementor-widget-image\" data-id=\"34d8d42\" data-element_type=\"widget\" data-e-type=\"widget\" data-widget_type=\"image.default\">\n\t\t\t\t<div class=\"elementor-widget-container\">\n\t\t\t\t\t\t\t\t\t\t\t\t\t\t\t<img decoding=\"async\" src=\"https:\/\/encounter.com\/wp-content\/uploads\/elementor\/thumbs\/WN_bible-przfdclp5mrh9xj1jo5uhgidrasa8454c5roy6ij9c.png\" title=\"WN_bible\" alt=\"WN_bible\" loading=\"lazy\" \/>\t\t\t\t\t\t\t\t\t\t\t\t\t\t\t<\/div>\n\t\t\t\t<\/div>\n\t\t\t\t\t<\/div>\n\t\t<\/div>\n\t\t\t\t\t<\/div>\n\t\t<\/section>\n\t\t\t\t<section class=\"elementor-section elementor-top-section elementor-element elementor-element-a299a2c elementor-section-boxed elementor-section-height-default elementor-section-height-default wpr-particle-no wpr-jarallax-no wpr-parallax-no wpr-sticky-section-no\" data-id=\"a299a2c\" data-element_type=\"section\" data-e-type=\"section\">\n\t\t\t\t\t\t<div class=\"elementor-container elementor-column-gap-wider\">\n\t\t\t\t\t<div class=\"elementor-column elementor-col-33 elementor-top-column elementor-element elementor-element-6eb54ff\" data-id=\"6eb54ff\" data-element_type=\"column\" data-e-type=\"column\" data-settings=\"{&quot;background_background&quot;:&quot;classic&quot;}\">\n\t\t\t<div class=\"elementor-widget-wrap elementor-element-populated\">\n\t\t\t\t\t\t<div class=\"elementor-element elementor-element-185343d elementor-widget elementor-widget-image\" data-id=\"185343d\" data-element_type=\"widget\" data-e-type=\"widget\" data-widget_type=\"image.default\">\n\t\t\t\t<div class=\"elementor-widget-container\">\n\t\t\t\t\t\t\t\t\t\t\t\t<figure class=\"wp-caption\">\n\t\t\t\t\t\t\t\t\t\t<img fetchpriority=\"high\" decoding=\"async\" width=\"340\" height=\"340\" src=\"https:\/\/encounter.com\/wp-content\/uploads\/church.png\" class=\"attachment-large size-large wp-image-2739\" alt=\"\" srcset=\"https:\/\/encounter.com\/wp-content\/uploads\/church.png 340w, https:\/\/encounter.com\/wp-content\/uploads\/church-12x12.png 12w, https:\/\/encounter.com\/wp-content\/uploads\/church-300x300.png 300w, https:\/\/encounter.com\/wp-content\/uploads\/church-75x75.png 75w\" sizes=\"(max-width: 340px) 100vw, 340px\" \/>\t\t\t\t\t\t\t\t\t\t\t<figcaption class=\"widget-image-caption wp-caption-text\"><\/figcaption>\n\t\t\t\t\t\t\t\t\t\t<\/figure>\n\t\t\t\t\t\t\t\t\t<\/div>\n\t\t\t\t<\/div>\n\t\t\t\t\t<\/div>\n\t\t<\/div>\n\t\t\t\t<div class=\"elementor-column elementor-col-66 elementor-top-column elementor-element elementor-element-74e2d34\" data-id=\"74e2d34\" data-element_type=\"column\" data-e-type=\"column\">\n\t\t\t<div class=\"elementor-widget-wrap elementor-element-populated\">\n\t\t\t\t\t\t<div class=\"elementor-element elementor-element-70f4151 elementor-widget elementor-widget-text-editor\" data-id=\"70f4151\" data-element_type=\"widget\" data-e-type=\"widget\" data-widget_type=\"text-editor.default\">\n\t\t\t\t<div class=\"elementor-widget-container\">\n\t\t\t\t\t\t\t\t\t<h3>Busca y Encuentra una Iglesia Local<\/h3><p>En nuestra relaci\u00f3n con Jes\u00fas, es importante encontrar una comunidad de creyentes. La iglesia es un lugar donde podemos reunirnos para orar, adorar, aprender y crecer juntos. Dios nos dise\u00f1\u00f3 para caminar por la vida junto a personas que nos amen y nos alienten. Encontrar una iglesia puede resultar intimidante o abrumador, y puede llevar algo de tiempo. Un buen comienzo ser\u00eda una simple b\u00fasqueda en Google para ver qu\u00e9 iglesias est\u00e1n cerca de usted. La mayor\u00eda de las iglesias tienen sitios web y enumeran sus creencias fundamentales en su declaraci\u00f3n de misi\u00f3n. Muchas iglesias tambi\u00e9n ofrecen grupos peque\u00f1os que se re\u00fanen de manera regular para que pueda construir amistades y conocer gente a un nivel m\u00e1s personal. No espere a que desaparezca el nerviosismo. Busca de inmediato. \u00a1Te aseguramos que valdr\u00e1 la pena!<\/p>\t\t\t\t\t\t\t\t<\/div>\n\t\t\t\t<\/div>\n\t\t\t\t<div class=\"elementor-element elementor-element-291b495 elementor-tablet-align-center elementor-widget elementor-widget-button\" data-id=\"291b495\" data-element_type=\"widget\" data-e-type=\"widget\" data-widget_type=\"button.default\">\n\t\t\t\t<div class=\"elementor-widget-container\">\n\t\t\t\t\t<style>.elementor-element-291b495{display:none !important}<\/style>\t\t\t\t<\/div>\n\t\t\t\t<\/div>\n\t\t\t\t\t<\/div>\n\t\t<\/div>\n\t\t\t\t\t<\/div>\n\t\t<\/section>\n\t\t\t\t<\/div>","protected":false},"excerpt":{"rendered":"<p>What&#8217;s Next? Pray We all know that communication is a key component to any healthy relationship. That\u2019s what prayer is \u2014 having a conversation with God. God cares about us and wants us to share our heart with him. It doesn\u2019t have to be anything formal; it can happen anywhere, anytime. Driving home from work. Doing the dishes. Lying in bed at night. He\u2019s always available and always eager to talk. Get a Bible The Bible is the word of God. Every page is filled with encouragement and instruction for our own lives. The words within the Bible give life to our heart, mind, body, and spirit. Romans 10:17 says that \u201cFaith comes through hearing, and hearing through the Word of Christ.\u201d The Bible grows our faith. If you would like a free Bible, you can get one here. GET A FREE BIBLE Find a Local Church In our relationship with Jesus, it\u2019s important to find a community of believers. Church is a place where we can gather to pray, worship and grow together. God designed us to walk through life alongside people who love and encourage us. Finding a church can feel intimidating or overwhelming, and it may take time. A good start would be a simple Google search to see what churches are near you. Most churches have websites and list their core beliefs in their mission statement. Many churches also offer small groups that meet together on a regular basis so you can build friendships and get to know people on a more personal level. Don\u2019t wait for the nervousness to disappear. Jump right in. We promise it will be worth it! FIND A CHURCH<\/p>","protected":false},"author":12,"featured_media":0,"parent":0,"menu_order":0,"comment_status":"closed","ping_status":"closed","template":"","meta":{"footnotes":""},"class_list":["post-1942","page","type-page","status-publish","hentry"],"acf":[],"_links":{"self":[{"href":"https:\/\/encounter.com\/es\/wp-json\/wp\/v2\/pages\/1942","targetHints":{"allow":["GET"]}}],"collection":[{"href":"https:\/\/encounter.com\/es\/wp-json\/wp\/v2\/pages"}],"about":[{"href":"https:\/\/encounter.com\/es\/wp-json\/wp\/v2\/types\/page"}],"author":[{"embeddable":true,"href":"https:\/\/encounter.com\/es\/wp-json\/wp\/v2\/users\/12"}],"replies":[{"embeddable":true,"href":"https:\/\/encounter.com\/es\/wp-json\/wp\/v2\/comments?post=1942"}],"version-history":[{"count":0,"href":"https:\/\/encounter.com\/es\/wp-json\/wp\/v2\/pages\/1942\/revisions"}],"wp:attachment":[{"href":"https:\/\/encounter.com\/es\/wp-json\/wp\/v2\/media?parent=1942"}],"curies":[{"name":"wp","href":"https:\/\/api.w.org\/{rel}","templated":true}]}}