{"id":2394,"date":"2021-10-27T00:38:38","date_gmt":"2021-10-27T00:38:38","guid":{"rendered":"https:\/\/s43008.p1365.sites.pressdns.com\/?page_id=2394"},"modified":"2021-12-01T16:08:59","modified_gmt":"2021-12-01T16:08:59","slug":"with-us-now","status":"publish","type":"page","link":"https:\/\/encounter.com\/es\/with-us-now\/","title":{"rendered":"With Us Now"},"content":{"rendered":"<div data-elementor-type=\"wp-page\" data-elementor-id=\"2394\" class=\"elementor elementor-2394\" data-elementor-post-type=\"page\">\n\t\t\t\t\t\t<section class=\"elementor-section elementor-top-section elementor-element elementor-element-274086c elementor-section-boxed elementor-section-height-default elementor-section-height-default wpr-particle-no wpr-jarallax-no wpr-parallax-no wpr-sticky-section-no wpr-equal-height-no\" data-id=\"274086c\" data-element_type=\"section\" data-e-type=\"section\">\n\t\t\t\t\t\t<div class=\"elementor-container elementor-column-gap-default\">\n\t\t\t\t\t<div class=\"elementor-column elementor-col-100 elementor-top-column elementor-element elementor-element-5366231\" data-id=\"5366231\" data-element_type=\"column\" data-e-type=\"column\">\n\t\t\t<div class=\"elementor-widget-wrap elementor-element-populated\">\n\t\t\t\t\t\t<div class=\"elementor-element elementor-element-b8bd439 elementor-widget elementor-widget-image\" data-id=\"b8bd439\" data-element_type=\"widget\" data-e-type=\"widget\" data-widget_type=\"image.default\">\n\t\t\t\t<div class=\"elementor-widget-container\">\n\t\t\t\t\t\t\t\t\t\t\t\t\t\t\t<img fetchpriority=\"high\" decoding=\"async\" width=\"960\" height=\"463\" src=\"https:\/\/encounter.com\/wp-content\/uploads\/Christmas-header-v2.png\" class=\"attachment-large size-large wp-image-2396\" alt=\"\" srcset=\"https:\/\/encounter.com\/wp-content\/uploads\/Christmas-header-v2.png 1000w, https:\/\/encounter.com\/wp-content\/uploads\/Christmas-header-v2-800x386.png 800w, https:\/\/encounter.com\/wp-content\/uploads\/Christmas-header-v2-18x9.png 18w\" sizes=\"(max-width: 960px) 100vw, 960px\" \/>\t\t\t\t\t\t\t\t\t\t\t\t\t\t\t<\/div>\n\t\t\t\t<\/div>\n\t\t\t\t\t<\/div>\n\t\t<\/div>\n\t\t\t\t\t<\/div>\n\t\t<\/section>\n\t\t\t\t<section class=\"elementor-section elementor-top-section elementor-element elementor-element-c1e57a9 elementor-section-boxed elementor-section-height-default elementor-section-height-default wpr-particle-no wpr-jarallax-no wpr-parallax-no wpr-sticky-section-no wpr-equal-height-no\" data-id=\"c1e57a9\" data-element_type=\"section\" data-e-type=\"section\">\n\t\t\t\t\t\t<div class=\"elementor-container elementor-column-gap-default\">\n\t\t\t\t\t<div class=\"elementor-column elementor-col-100 elementor-top-column elementor-element elementor-element-0bc904a\" data-id=\"0bc904a\" data-element_type=\"column\" data-e-type=\"column\">\n\t\t\t<div class=\"elementor-widget-wrap elementor-element-populated\">\n\t\t\t\t\t\t<div class=\"elementor-element elementor-element-953f7af elementor-widget elementor-widget-text-editor\" data-id=\"953f7af\" data-element_type=\"widget\" data-e-type=\"widget\" data-widget_type=\"text-editor.default\">\n\t\t\t\t<div class=\"elementor-widget-container\">\n\t\t\t\t\t\t\t\t\t<p><strong>Por fin lleg\u00f3 el sue\u00f1o. All\u00ed, sobre la paja, en los lugares m\u00e1s inveros\u00edmiles, Mar\u00eda no pudo resistir m\u00e1s. <\/strong>El agotamiento conquist\u00f3 su joven figura y sucumbi\u00f3 a un sue\u00f1o profundo y pesado: su cuerpo se recuperaba del trauma de dar a luz la vida. Su llanto finalmente la despert\u00f3 y sus pesados p\u00e1rpados se abrieron de golpe. El amanecer a\u00fan estaba lejano, pero su hambre no pod\u00eda esperar. Aspir\u00f3 el aire fr\u00edo de la noche mientras su mente se despejaba. Todo lo que hab\u00eda sucedido regres\u00f3 a raudales. Ella se sent\u00f3 y lo vio all\u00ed, en el pesebre. Mientras ella se hab\u00eda perdido en un sue\u00f1o inconsciente, \u00c9l hab\u00eda estado all\u00ed, justo donde ella lo dej\u00f3. Su peque\u00f1o pecho sub\u00eda y bajaba bajo los pa\u00f1ales. La urgencia de sus gritos se aceler\u00f3, pero Mar\u00eda exhal\u00f3 un suspiro de alivio. \u00c9l estaba bien. De hecho, estaba m\u00e1s que bien. Estaba en casa. Jes\u00fas se estaba quedando. <em>Por primera vez desde el principio, Dios se quedaba.<\/em><\/p>\t\t\t\t\t\t\t\t<\/div>\n\t\t\t\t<\/div>\n\t\t\t\t\t<\/div>\n\t\t<\/div>\n\t\t\t\t\t<\/div>\n\t\t<\/section>\n\t\t\t\t<section class=\"elementor-section elementor-top-section elementor-element elementor-element-3cca8d8 elementor-section-boxed elementor-section-height-default elementor-section-height-default wpr-particle-no wpr-jarallax-no wpr-parallax-no wpr-sticky-section-no wpr-equal-height-no\" data-id=\"3cca8d8\" data-element_type=\"section\" data-e-type=\"section\">\n\t\t\t\t\t\t<div class=\"elementor-container elementor-column-gap-default\">\n\t\t\t\t\t<div class=\"elementor-column elementor-col-100 elementor-top-column elementor-element elementor-element-5c1c89e\" data-id=\"5c1c89e\" data-element_type=\"column\" data-e-type=\"column\">\n\t\t\t<div class=\"elementor-widget-wrap elementor-element-populated\">\n\t\t\t\t\t\t<div class=\"elementor-element elementor-element-c6f2d34 elementor-widget elementor-widget-heading\" data-id=\"c6f2d34\" data-element_type=\"widget\" data-e-type=\"widget\" data-widget_type=\"heading.default\">\n\t\t\t\t<div class=\"elementor-widget-container\">\n\t\t\t\t\t<h2 class=\"elementor-heading-title elementor-size-default\">Dios hab\u00eda venido muchas veces antes.<\/h2>\t\t\t\t<\/div>\n\t\t\t\t<\/div>\n\t\t\t\t\t<\/div>\n\t\t<\/div>\n\t\t\t\t\t<\/div>\n\t\t<\/section>\n\t\t\t\t<section class=\"elementor-section elementor-top-section elementor-element elementor-element-8e94faf elementor-section-boxed elementor-section-height-default elementor-section-height-default wpr-particle-no wpr-jarallax-no wpr-parallax-no wpr-sticky-section-no wpr-equal-height-no\" data-id=\"8e94faf\" data-element_type=\"section\" data-e-type=\"section\">\n\t\t\t\t\t\t<div class=\"elementor-container elementor-column-gap-default\">\n\t\t\t\t\t<div class=\"elementor-column elementor-col-100 elementor-top-column elementor-element elementor-element-a9ec08f\" data-id=\"a9ec08f\" data-element_type=\"column\" data-e-type=\"column\">\n\t\t\t<div class=\"elementor-widget-wrap elementor-element-populated\">\n\t\t\t\t\t\t<div class=\"elementor-element elementor-element-3f95563 elementor-widget elementor-widget-text-editor\" data-id=\"3f95563\" data-element_type=\"widget\" data-e-type=\"widget\" data-widget_type=\"text-editor.default\">\n\t\t\t\t<div class=\"elementor-widget-container\">\n\t\t\t\t\t\t\t\t\t\u00c9l hab\u00eda comido con Abraham, se apareci\u00f3 a Isaac y a Jacob. Organiz\u00f3 una fiesta para Mois\u00e9s y los ancianos de Israel en la cima del monte Sina\u00ed. Por grandiosos que fueran estos encuentros, siempre fueron fugaces. Estas visitas fueron como destellos de rel\u00e1mpagos: brillantes y luego se fueron como el humo que se eleva hacia los cielos.\u00a0<em>Sin embargo, con Jes\u00fas fue diferente.<\/em>\u00a0Era como el sol, c\u00e1lido, firme y constante, la luz del mundo. (<a href=\"https:\/\/biblia.com\/bible\/nblh\/juan\/8\/12\" style=\"color:#f3bd93;\">Juan 8:12<\/a>).\t\t\t\t\t\t\t\t<\/div>\n\t\t\t\t<\/div>\n\t\t\t\t\t<\/div>\n\t\t<\/div>\n\t\t\t\t\t<\/div>\n\t\t<\/section>\n\t\t\t\t<section class=\"elementor-section elementor-top-section elementor-element elementor-element-4b5f371 elementor-section-boxed elementor-section-height-default elementor-section-height-default wpr-particle-no wpr-jarallax-no wpr-parallax-no wpr-sticky-section-no wpr-equal-height-no\" data-id=\"4b5f371\" data-element_type=\"section\" data-e-type=\"section\">\n\t\t\t\t\t\t<div class=\"elementor-container elementor-column-gap-default\">\n\t\t\t\t\t<div class=\"elementor-column elementor-col-100 elementor-top-column elementor-element elementor-element-f3ded7f\" data-id=\"f3ded7f\" data-element_type=\"column\" data-e-type=\"column\">\n\t\t\t<div class=\"elementor-widget-wrap elementor-element-populated\">\n\t\t\t\t\t\t<div class=\"elementor-element elementor-element-1950734 elementor-widget elementor-widget-text-editor\" data-id=\"1950734\" data-element_type=\"widget\" data-e-type=\"widget\" data-widget_type=\"text-editor.default\">\n\t\t\t\t<div class=\"elementor-widget-container\">\n\t\t\t\t\t\t\t\t\t<p>Cuando Dios se hizo hombre, no fue solo un cameo de nost\u00e1lgicos concursos navide\u00f1os con la intenci\u00f3n de tocar las fibras de nuestro coraz\u00f3n. Se uni\u00f3 a la historia humana y se convirti\u00f3 en su protagonista principal, d\u00e1ndole la vuelta a la trama. Estuvo en Jerusal\u00e9n despu\u00e9s de que los \u00e1ngeles partieron y regresaron a su morada celestial. Dios hab\u00eda venido, y dos padres privados de sue\u00f1o lo llevaban de un lado a otro mientras deambulaban por esas calles antiguas y estrechas, desesperados por alguien que les mostrara un poco de hospitalidad.<\/p>\t\t\t\t\t\t\t\t<\/div>\n\t\t\t\t<\/div>\n\t\t\t\t\t<\/div>\n\t\t<\/div>\n\t\t\t\t\t<\/div>\n\t\t<\/section>\n\t\t\t\t<section class=\"elementor-section elementor-top-section elementor-element elementor-element-3858b45 elementor-section-boxed elementor-section-height-default elementor-section-height-default wpr-particle-no wpr-jarallax-no wpr-parallax-no wpr-sticky-section-no wpr-equal-height-no\" data-id=\"3858b45\" data-element_type=\"section\" data-e-type=\"section\">\n\t\t\t\t\t\t<div class=\"elementor-container elementor-column-gap-default\">\n\t\t\t\t\t<div class=\"elementor-column elementor-col-100 elementor-top-column elementor-element elementor-element-b504d4c\" data-id=\"b504d4c\" data-element_type=\"column\" data-e-type=\"column\">\n\t\t\t<div class=\"elementor-widget-wrap elementor-element-populated\">\n\t\t\t\t\t\t<div class=\"elementor-element elementor-element-54813db elementor-widget elementor-widget-text-editor\" data-id=\"54813db\" data-element_type=\"widget\" data-e-type=\"widget\" data-widget_type=\"text-editor.default\">\n\t\t\t\t<div class=\"elementor-widget-container\">\n\t\t\t\t\t\t\t\t\t<p><span style=\"letter-spacing: 0.4px;\">\u00bfQu\u00e9 hay de los miles de d\u00edas de la vida de Jes\u00fas en los que no se registra nada en absoluto para nosotros? Un velo de oscuridad los esconde de nuestra mirada, pero seguro que \u00c9l estaba all\u00ed. Dios con nosotros. Estaba all\u00ed en las ma\u00f1anas nubladas y en las tardes sofocantes. All\u00ed estuvo en el taller donde aprendi\u00f3 la carpinter\u00eda de su padre. Estaba en la sinagoga cuando era ni\u00f1o, junto a los otros ni\u00f1os de su edad. Jes\u00fas estuvo presente en los funerales y bodas de los aldeanos que habitaban esas casas anodinas en la tranquila ciudad de Nazaret. Dios descendi\u00f3 a lo com\u00fan. Se sumergi\u00f3 en lo ordinario. Camin\u00f3 junto a la humanidad en todo su quebrantamiento y devastaci\u00f3n. \u00c9l sufri\u00f3 con nosotros.<\/span><\/p>\t\t\t\t\t\t\t\t<\/div>\n\t\t\t\t<\/div>\n\t\t\t\t\t<\/div>\n\t\t<\/div>\n\t\t\t\t\t<\/div>\n\t\t<\/section>\n\t\t\t\t<section class=\"elementor-section elementor-top-section elementor-element elementor-element-f66791a elementor-section-boxed elementor-section-height-default elementor-section-height-default wpr-particle-no wpr-jarallax-no wpr-parallax-no wpr-sticky-section-no wpr-equal-height-no\" data-id=\"f66791a\" data-element_type=\"section\" data-e-type=\"section\">\n\t\t\t\t\t\t<div class=\"elementor-container elementor-column-gap-default\">\n\t\t\t\t\t<div class=\"elementor-column elementor-col-100 elementor-top-column elementor-element elementor-element-f79a0ff\" data-id=\"f79a0ff\" data-element_type=\"column\" data-e-type=\"column\">\n\t\t\t<div class=\"elementor-widget-wrap elementor-element-populated\">\n\t\t\t\t\t\t<div class=\"elementor-element elementor-element-ea55b9d elementor-widget elementor-widget-text-editor\" data-id=\"ea55b9d\" data-element_type=\"widget\" data-e-type=\"widget\" data-widget_type=\"text-editor.default\">\n\t\t\t\t<div class=\"elementor-widget-container\">\n\t\t\t\t\t\t\t\t\t<p><strong>adviento<\/strong><\/p><p><strong>\/Del lat. adventus 'llegada'\/<\/strong><\/p><p><strong>la llegada de una persona, cosa o evento notable.<\/strong><\/p>\t\t\t\t\t\t\t\t<\/div>\n\t\t\t\t<\/div>\n\t\t\t\t\t<\/div>\n\t\t<\/div>\n\t\t\t\t\t<\/div>\n\t\t<\/section>\n\t\t\t\t<section class=\"elementor-section elementor-top-section elementor-element elementor-element-2f5007b elementor-section-boxed elementor-section-height-default elementor-section-height-default wpr-particle-no wpr-jarallax-no wpr-parallax-no wpr-sticky-section-no wpr-equal-height-no\" data-id=\"2f5007b\" data-element_type=\"section\" data-e-type=\"section\">\n\t\t\t\t\t\t<div class=\"elementor-container elementor-column-gap-default\">\n\t\t\t\t\t<div class=\"elementor-column elementor-col-100 elementor-top-column elementor-element elementor-element-277d450\" data-id=\"277d450\" data-element_type=\"column\" data-e-type=\"column\">\n\t\t\t<div class=\"elementor-widget-wrap elementor-element-populated\">\n\t\t\t\t\t\t<div class=\"elementor-element elementor-element-1e456e2 elementor-widget elementor-widget-text-editor\" data-id=\"1e456e2\" data-element_type=\"widget\" data-e-type=\"widget\" data-widget_type=\"text-editor.default\">\n\t\t\t\t<div class=\"elementor-widget-container\">\n\t\t\t\t\t\t\t\t\t<p>El Adviento es un tiempo para recordar esa hora luminosa de la llegada de Jes\u00fas y beber profundamente de la verdad de que Jes\u00fas vino y habit\u00f3 entre nosotros. Se qued\u00f3 con nosotros. Jes\u00fas era nuestro pr\u00f3jimo y nuestro amigo. \u00c9l fue quien nos vendi\u00f3 las mesas y luego se sent\u00f3 junto a nosotros en el pozo. Por supuesto, todos somos dolorosamente conscientes de que Jes\u00fas no est\u00e1 aqu\u00ed en este momento. Ya no est\u00e1 con nosotros. Jes\u00fas ofreci\u00f3 una declaraci\u00f3n atemporal y autorizada de c\u00f3mo es Dios realmente y c\u00f3mo desea relacionarse con los hombres y las mujeres a trav\u00e9s de todas las edades. Si bien Jes\u00fas no est\u00e1 f\u00edsicamente presente con nosotros en este momento, puede morar en nuestros corazones a trav\u00e9s de su Esp\u00edritu para que a\u00fan podamos caminar en una relaci\u00f3n cercana con \u00e9l.<\/p>\t\t\t\t\t\t\t\t<\/div>\n\t\t\t\t<\/div>\n\t\t\t\t\t<\/div>\n\t\t<\/div>\n\t\t\t\t\t<\/div>\n\t\t<\/section>\n\t\t\t\t<section class=\"elementor-section elementor-top-section elementor-element elementor-element-c38249d elementor-section-boxed elementor-section-height-default elementor-section-height-default wpr-particle-no wpr-jarallax-no wpr-parallax-no wpr-sticky-section-no wpr-equal-height-no\" data-id=\"c38249d\" data-element_type=\"section\" data-e-type=\"section\">\n\t\t\t\t\t\t<div class=\"elementor-container elementor-column-gap-default\">\n\t\t\t\t\t<div class=\"elementor-column elementor-col-100 elementor-top-column elementor-element elementor-element-69b3713\" data-id=\"69b3713\" data-element_type=\"column\" data-e-type=\"column\">\n\t\t\t<div class=\"elementor-widget-wrap elementor-element-populated\">\n\t\t\t\t\t\t<div class=\"elementor-element elementor-element-0964894 elementor-widget elementor-widget-text-editor\" data-id=\"0964894\" data-element_type=\"widget\" data-e-type=\"widget\" data-widget_type=\"text-editor.default\">\n\t\t\t\t<div class=\"elementor-widget-container\">\n\t\t\t\t\t\t\t\t\t<p>Quiz\u00e1s est\u00e1s leyendo estas palabras y nunca te has decidido a confiar en Jes\u00fas. Tal vez hayas pasado muchas temporadas navide\u00f1as en la iglesia, pero te das cuenta de que tu coraz\u00f3n se ha alejado del Se\u00f1or. No importa de d\u00f3nde vengamos,\u00a0<strong>el adviento es un momento para sentarnos m\u00e1s cerca del fuego.<\/strong>\u00a0Es el momento de prestar atenci\u00f3n a la gloria y al misterio de lo que comenz\u00f3 en un pesebre y terminar\u00e1 con la venida de Dios y su morada entre nosotros de nuevo, para siempre.<\/p>\t\t\t\t\t\t\t\t<\/div>\n\t\t\t\t<\/div>\n\t\t\t\t\t<\/div>\n\t\t<\/div>\n\t\t\t\t\t<\/div>\n\t\t<\/section>\n\t\t\t\t<section class=\"elementor-section elementor-top-section elementor-element elementor-element-f983076 elementor-section-boxed elementor-section-height-default elementor-section-height-default wpr-particle-no wpr-jarallax-no wpr-parallax-no wpr-sticky-section-no wpr-equal-height-no\" data-id=\"f983076\" data-element_type=\"section\" data-e-type=\"section\">\n\t\t\t\t\t\t<div class=\"elementor-container elementor-column-gap-default\">\n\t\t\t\t\t<div class=\"elementor-column elementor-col-100 elementor-top-column elementor-element elementor-element-e9beeea\" data-id=\"e9beeea\" data-element_type=\"column\" data-e-type=\"column\">\n\t\t\t<div class=\"elementor-widget-wrap elementor-element-populated\">\n\t\t\t\t\t\t<div class=\"elementor-element elementor-element-74139ac elementor-widget elementor-widget-text-editor\" data-id=\"74139ac\" data-element_type=\"widget\" data-e-type=\"widget\" data-widget_type=\"text-editor.default\">\n\t\t\t\t<div class=\"elementor-widget-container\">\n\t\t\t\t\t\t\t\t\t<p>Busca en la Biblia hoy. Puedes leer la historia de Jes\u00fas por ti mismo. Empieza por el Evangelio de Juan. El coraz\u00f3n de Jes\u00fas late por nosotros en cada palabra escrita. Su historia es tu historia, y te invita a que vengas a \u00c9l hoy. Deja que Jes\u00fas sea Dios contigo.<\/p>\t\t\t\t\t\t\t\t<\/div>\n\t\t\t\t<\/div>\n\t\t\t\t\t<\/div>\n\t\t<\/div>\n\t\t\t\t\t<\/div>\n\t\t<\/section>\n\t\t\t\t<section class=\"elementor-section elementor-top-section elementor-element elementor-element-3e62a14 elementor-section-boxed elementor-section-height-default elementor-section-height-default wpr-particle-no wpr-jarallax-no wpr-parallax-no wpr-sticky-section-no wpr-equal-height-no\" data-id=\"3e62a14\" data-element_type=\"section\" data-e-type=\"section\">\n\t\t\t\t\t\t<div class=\"elementor-container elementor-column-gap-default\">\n\t\t\t\t\t<div class=\"elementor-column elementor-col-100 elementor-top-column elementor-element elementor-element-7838046\" data-id=\"7838046\" data-element_type=\"column\" data-e-type=\"column\">\n\t\t\t<div class=\"elementor-widget-wrap elementor-element-populated\">\n\t\t\t\t\t\t<div class=\"elementor-element elementor-element-987643b elementor-widget elementor-widget-image\" data-id=\"987643b\" data-element_type=\"widget\" data-e-type=\"widget\" data-widget_type=\"image.default\">\n\t\t\t\t<div class=\"elementor-widget-container\">\n\t\t\t\t\t\t\t\t\t\t\t\t\t\t\t<img decoding=\"async\" width=\"960\" height=\"453\" src=\"https:\/\/encounter.com\/wp-content\/uploads\/Christmas-footer-v2.png\" class=\"attachment-large size-large wp-image-2398\" alt=\"\" srcset=\"https:\/\/encounter.com\/wp-content\/uploads\/Christmas-footer-v2.png 1000w, https:\/\/encounter.com\/wp-content\/uploads\/Christmas-footer-v2-800x378.png 800w, https:\/\/encounter.com\/wp-content\/uploads\/Christmas-footer-v2-18x8.png 18w\" sizes=\"(max-width: 960px) 100vw, 960px\" \/>\t\t\t\t\t\t\t\t\t\t\t\t\t\t\t<\/div>\n\t\t\t\t<\/div>\n\t\t\t\t\t<\/div>\n\t\t<\/div>\n\t\t\t\t\t<\/div>\n\t\t<\/section>\n\t\t\t\t<\/div>","protected":false},"excerpt":{"rendered":"<p>At last, sleep came. There, on the straw, in the unlikeliest of places, Mary could resist no more. Exhaustion conquered her young frame, and she succumbed to a deep, dreamless sleep \u2014 her body recovering from the trauma of birthing a life. His crying finally woke her, and her heavy eyelids burst open. The dawn was still distant, but His hunger would not wait. She breathed in the chill night air as her mind cleared. Everything that had happened came flooding back. She sat up and saw Him there, in the feed trough. While she had been lost in unconscious slumber, He had been there, right where she left Him. His tiny chest rose and fell beneath the swaddling clothes. The urgency of his cries hastened, but Mary breathed a sigh of relief. He was fine. In fact, He was more than fine. He was home. Jesus was staying. For the first time since the beginning, God was actually staying now. God had come many times before. He had eaten with Abraham, appeared to Isaac and Jacob, and hosted a feast for Moses and the elders of Israel on top of Mount Sinai. As grand as these encounters were, they were always fleeting. These visits were like flashes of lightning, brilliant and then gone like smoke rising to the heavens.\u00a0Yet, with Jesus, it was different.\u00a0He was like the sun \u2014 warm, steady, and constant \u2014 the light of the world (John 8:12). When God became a man, it wasn\u2019t just a cameo appearance for nostalgic Christmas pageants to tug our heartstrings. He joined the human story and became its chief player \u2014 turning the plotline inside out. He was there in Jerusalem after the angels had departed and returned to their heavenly abode. God had come, and he was being carried about by two sleep-deprived parents as they wandered through those ancient, narrow streets desperate for someone to show them a bit of hospitality. What about all of these days, so many thousands of days, of which nothing at all is recorded for us? A veil of obscurity hides them from our gaze, but surely, He was there. God with us. He was there on overcast mornings and sweltering afternoons. He was there in the workshop where He learned carpentry from his father to feed his brothers and sisters. He was in the synagogue as a boy with the other children His age. Jesus was present at the funerals and the weddings of the villagers who inhabited those nondescript houses in the quiet town of Nazareth. God descended into the common. He immersed Himself in the ordinary. He walked alongside humanity in all of its brokenness and devastation. He suffered with us. ad\u00b7vent \/\u02c8ad\u02ccvent\/ the arrival of a notable person, thing, or event. Advent is a time to remember that luminous hour of Jesus\u2019 arrival and drink deeply of the truth that Jesus came and dwelt among us. He stayed with us. Jesus was our neighbor and our friend. He was the one who sold us tables and then sat beside us at the well. Of course, we are all painfully aware that Jesus is not here right now. He is no longer with us. Jesus offered a timeless, authoritative statement of what God is really like and how he desires to relate to men and women throughout all the ages. While Jesus is not physically present with us right now, he can make his dwelling in our hearts through his Spirit so that we can still walk in a close relationship with him. Perhaps you are reading these words, and you have never actually decided to trust in Jesus. Maybe you have spent many Christmas seasons in church but realize that your heart has grown distant from the Lord. No matter where we have come from,\u00a0advent is a time for us to draw closer to the fire.\u00a0It is a time to give our attention to the glory and the mystery of what began in a manger and will end with God coming and making his home among us again, forever. Search the Bible today. You can read the story of Jesus for yourself. Start in the Gospel of John.\u00a0Jesus\u2019 heart beats for us in every word written.\u00a0His story is your story, and he invites you to come to him today. Let him be God with you.<\/p>","protected":false},"author":12,"featured_media":2396,"parent":0,"menu_order":0,"comment_status":"closed","ping_status":"closed","template":"elementor_header_footer","meta":{"footnotes":""},"class_list":["post-2394","page","type-page","status-publish","has-post-thumbnail","hentry"],"acf":[],"_links":{"self":[{"href":"https:\/\/encounter.com\/es\/wp-json\/wp\/v2\/pages\/2394","targetHints":{"allow":["GET"]}}],"collection":[{"href":"https:\/\/encounter.com\/es\/wp-json\/wp\/v2\/pages"}],"about":[{"href":"https:\/\/encounter.com\/es\/wp-json\/wp\/v2\/types\/page"}],"author":[{"embeddable":true,"href":"https:\/\/encounter.com\/es\/wp-json\/wp\/v2\/users\/12"}],"replies":[{"embeddable":true,"href":"https:\/\/encounter.com\/es\/wp-json\/wp\/v2\/comments?post=2394"}],"version-history":[{"count":0,"href":"https:\/\/encounter.com\/es\/wp-json\/wp\/v2\/pages\/2394\/revisions"}],"wp:featuredmedia":[{"embeddable":true,"href":"https:\/\/encounter.com\/es\/wp-json\/wp\/v2\/media\/2396"}],"wp:attachment":[{"href":"https:\/\/encounter.com\/es\/wp-json\/wp\/v2\/media?parent=2394"}],"curies":[{"name":"wp","href":"https:\/\/api.w.org\/{rel}","templated":true}]}}