{"id":2797,"date":"2021-12-20T17:16:49","date_gmt":"2021-12-20T17:16:49","guid":{"rendered":"https:\/\/s43008.p1365.sites.pressdns.com\/?page_id=2797"},"modified":"2023-02-06T08:52:51","modified_gmt":"2023-02-06T15:52:51","slug":"redo-story","status":"publish","type":"page","link":"https:\/\/encounter.com\/es\/redo-story\/","title":{"rendered":"Redo Story"},"content":{"rendered":"<div data-elementor-type=\"wp-page\" data-elementor-id=\"2797\" class=\"elementor elementor-2797\" data-elementor-post-type=\"page\">\n\t\t\t\t\t\t<section class=\"elementor-section elementor-top-section elementor-element elementor-element-7148241 elementor-hidden-tablet elementor-section-boxed elementor-section-height-default elementor-section-height-default wpr-particle-no wpr-jarallax-no wpr-parallax-no wpr-sticky-section-no\" data-id=\"7148241\" data-element_type=\"section\" data-e-type=\"section\">\n\t\t\t\t\t\t<div class=\"elementor-container elementor-column-gap-default\">\n\t\t\t\t\t<div class=\"elementor-column elementor-col-100 elementor-top-column elementor-element elementor-element-a2c8d97\" data-id=\"a2c8d97\" data-element_type=\"column\" data-e-type=\"column\">\n\t\t\t<div class=\"elementor-widget-wrap elementor-element-populated\">\n\t\t\t\t\t\t<section class=\"elementor-section elementor-inner-section elementor-element elementor-element-bb7f60d elementor-section-boxed elementor-section-height-default elementor-section-height-default wpr-particle-no wpr-jarallax-no wpr-parallax-no wpr-sticky-section-no\" data-id=\"bb7f60d\" data-element_type=\"section\" data-e-type=\"section\">\n\t\t\t\t\t\t<div class=\"elementor-container elementor-column-gap-extended\">\n\t\t\t\t\t<div class=\"elementor-column elementor-col-50 elementor-inner-column elementor-element elementor-element-f6b605d\" data-id=\"f6b605d\" data-element_type=\"column\" data-e-type=\"column\">\n\t\t\t<div class=\"elementor-widget-wrap elementor-element-populated\">\n\t\t\t\t\t\t<div class=\"elementor-element elementor-element-f33cdb5 elementor-widget elementor-widget-image\" data-id=\"f33cdb5\" data-element_type=\"widget\" data-e-type=\"widget\" data-widget_type=\"image.default\">\n\t\t\t\t<div class=\"elementor-widget-container\">\n\t\t\t\t\t\t\t\t\t\t\t\t\t\t\t<img decoding=\"async\" src=\"https:\/\/encounter.com\/wp-content\/uploads\/elementor\/thumbs\/RS_header-przf9unhbka7vkvqgs01dvgzxfhtgtm5zwlb4gzvzm.png\" title=\"RS_header\" alt=\"RS_header\" loading=\"lazy\" \/>\t\t\t\t\t\t\t\t\t\t\t\t\t\t\t<\/div>\n\t\t\t\t<\/div>\n\t\t\t\t\t<\/div>\n\t\t<\/div>\n\t\t\t\t<div class=\"elementor-column elementor-col-50 elementor-inner-column elementor-element elementor-element-4fe9320\" data-id=\"4fe9320\" data-element_type=\"column\" data-e-type=\"column\">\n\t\t\t<div class=\"elementor-widget-wrap elementor-element-populated\">\n\t\t\t\t\t\t<div class=\"elementor-element elementor-element-9953a71 elementor-widget elementor-widget-heading\" data-id=\"9953a71\" data-element_type=\"widget\" data-e-type=\"widget\" data-widget_type=\"heading.default\">\n\t\t\t\t<div class=\"elementor-widget-container\">\n\t\t\t\t\t<h2 class=\"elementor-heading-title elementor-size-default\">La Pascua es un momento emocionante de celebraci\u00f3n.<\/h2>\t\t\t\t<\/div>\n\t\t\t\t<\/div>\n\t\t\t\t<div class=\"elementor-element elementor-element-c8feee2 elementor-widget elementor-widget-text-editor\" data-id=\"c8feee2\" data-element_type=\"widget\" data-e-type=\"widget\" data-widget_type=\"text-editor.default\">\n\t\t\t\t<div class=\"elementor-widget-container\">\n\t\t\t\t\t\t\t\t\t<p>Disfrutar del calor de la primavera y los jardines en flor nos recuerda el poder de la vida. <span style=\"text-decoration: underline;\">Pero la Semana Santa tiene m\u00e1s.<\/span> Se trata de corazones dormidos que despiertan a la esperanza. Es una celebraci\u00f3n de plenitud sobre devastaci\u00f3n y de victoria sobre el quebrantamiento. El amor de Jes\u00fas por nosotros define la Pascua. La Pascua es la verdadera historia de Jes\u00fas crucificado en la cruz por nuestros pecados, resucitando de entre los muertos tres d\u00edas despu\u00e9s y ofreci\u00e9ndonos el mismo poder vivo que habitaba dentro de \u00e9l.<\/p>\t\t\t\t\t\t\t\t<\/div>\n\t\t\t\t<\/div>\n\t\t\t\t\t<\/div>\n\t\t<\/div>\n\t\t\t\t\t<\/div>\n\t\t<\/section>\n\t\t\t\t\t<\/div>\n\t\t<\/div>\n\t\t\t\t\t<\/div>\n\t\t<\/section>\n\t\t\t\t<section class=\"elementor-section elementor-top-section elementor-element elementor-element-ea8fd05 elementor-hidden-desktop elementor-hidden-mobile elementor-section-boxed elementor-section-height-default elementor-section-height-default wpr-particle-no wpr-jarallax-no wpr-parallax-no wpr-sticky-section-no\" data-id=\"ea8fd05\" data-element_type=\"section\" data-e-type=\"section\">\n\t\t\t\t\t\t<div class=\"elementor-container elementor-column-gap-default\">\n\t\t\t\t\t<div class=\"elementor-column elementor-col-100 elementor-top-column elementor-element elementor-element-537f8b8\" data-id=\"537f8b8\" data-element_type=\"column\" data-e-type=\"column\">\n\t\t\t<div class=\"elementor-widget-wrap elementor-element-populated\">\n\t\t\t\t\t\t<div class=\"elementor-element elementor-element-197b3bc elementor-widget elementor-widget-image\" data-id=\"197b3bc\" data-element_type=\"widget\" data-e-type=\"widget\" data-widget_type=\"image.default\">\n\t\t\t\t<div class=\"elementor-widget-container\">\n\t\t\t\t\t\t\t\t\t\t\t\t\t\t\t<img decoding=\"async\" src=\"https:\/\/encounter.com\/wp-content\/uploads\/elementor\/thumbs\/RS_header-przf9unhbka7vkvqgs01dvgzxfhtgtm5zwlb4gzvzm.png\" title=\"RS_header\" alt=\"RS_header\" loading=\"lazy\" \/>\t\t\t\t\t\t\t\t\t\t\t\t\t\t\t<\/div>\n\t\t\t\t<\/div>\n\t\t\t\t<div class=\"elementor-element elementor-element-3b6f0d3 elementor-widget elementor-widget-heading\" data-id=\"3b6f0d3\" data-element_type=\"widget\" data-e-type=\"widget\" data-widget_type=\"heading.default\">\n\t\t\t\t<div class=\"elementor-widget-container\">\n\t\t\t\t\t<h2 class=\"elementor-heading-title elementor-size-default\">La Pascua es un momento emocionante de celebraci\u00f3n.<\/h2>\t\t\t\t<\/div>\n\t\t\t\t<\/div>\n\t\t\t\t<div class=\"elementor-element elementor-element-83493a0 elementor-widget elementor-widget-text-editor\" data-id=\"83493a0\" data-element_type=\"widget\" data-e-type=\"widget\" data-widget_type=\"text-editor.default\">\n\t\t\t\t<div class=\"elementor-widget-container\">\n\t\t\t\t\t\t\t\t\t<p>Disfrutar del calor de la primavera y los jardines en flor nos recuerda el poder de la vida. <span style=\"text-decoration: underline;\">Pero la Semana Santa tiene m\u00e1s.<\/span> Se trata de corazones dormidos que despiertan a la esperanza. Es una celebraci\u00f3n de plenitud sobre devastaci\u00f3n y de victoria sobre el quebrantamiento. El amor de Jes\u00fas por nosotros define la Pascua. La Pascua es la verdadera historia de Jes\u00fas crucificado en la cruz por nuestros pecados, resucitando de entre los muertos tres d\u00edas despu\u00e9s y ofreci\u00e9ndonos el mismo poder vivo que habitaba dentro de \u00e9l.<\/p>\t\t\t\t\t\t\t\t<\/div>\n\t\t\t\t<\/div>\n\t\t\t\t\t<\/div>\n\t\t<\/div>\n\t\t\t\t\t<\/div>\n\t\t<\/section>\n\t\t\t\t<section class=\"elementor-section elementor-top-section elementor-element elementor-element-c1a7d37 elementor-section-content-middle elementor-section-boxed elementor-section-height-default elementor-section-height-default wpr-particle-no wpr-jarallax-no wpr-parallax-no wpr-sticky-section-no\" data-id=\"c1a7d37\" data-element_type=\"section\" data-e-type=\"section\">\n\t\t\t\t\t\t<div class=\"elementor-container elementor-column-gap-default\">\n\t\t\t\t\t<div class=\"elementor-column elementor-col-100 elementor-top-column elementor-element elementor-element-9a25a9b\" data-id=\"9a25a9b\" data-element_type=\"column\" data-e-type=\"column\" data-settings=\"{&quot;background_background&quot;:&quot;classic&quot;}\">\n\t\t\t<div class=\"elementor-widget-wrap elementor-element-populated\">\n\t\t\t\t\t\t<div class=\"elementor-element elementor-element-949f3f9 elementor-widget elementor-widget-text-editor\" data-id=\"949f3f9\" data-element_type=\"widget\" data-e-type=\"widget\" data-widget_type=\"text-editor.default\">\n\t\t\t\t<div class=\"elementor-widget-container\">\n\t\t\t\t\t\t\t\t\t<p>Y Dios, que levant\u00f3 al Se\u00f1or, tambi\u00e9n a nosotros nos levantar\u00e1 con su poder. \u2013 1 Cor. 6:14<\/p>\t\t\t\t\t\t\t\t<\/div>\n\t\t\t\t<\/div>\n\t\t\t\t\t<\/div>\n\t\t<\/div>\n\t\t\t\t\t<\/div>\n\t\t<\/section>\n\t\t\t\t<section class=\"elementor-section elementor-top-section elementor-element elementor-element-93c4321 elementor-section-boxed elementor-section-height-default elementor-section-height-default wpr-particle-no wpr-jarallax-no wpr-parallax-no wpr-sticky-section-no\" data-id=\"93c4321\" data-element_type=\"section\" data-e-type=\"section\">\n\t\t\t\t\t\t<div class=\"elementor-container elementor-column-gap-default\">\n\t\t\t\t\t<div class=\"elementor-column elementor-col-100 elementor-top-column elementor-element elementor-element-edd7d61\" data-id=\"edd7d61\" data-element_type=\"column\" data-e-type=\"column\">\n\t\t\t<div class=\"elementor-widget-wrap elementor-element-populated\">\n\t\t\t\t\t\t<div class=\"elementor-element elementor-element-a9530bf elementor-widget elementor-widget-text-editor\" data-id=\"a9530bf\" data-element_type=\"widget\" data-e-type=\"widget\" data-widget_type=\"text-editor.default\">\n\t\t\t\t<div class=\"elementor-widget-container\">\n\t\t\t\t\t\t\t\t\t<p>\u00a1Eso es algo para celebrar!<\/p>\t\t\t\t\t\t\t\t<\/div>\n\t\t\t\t<\/div>\n\t\t\t\t<div class=\"elementor-element elementor-element-f26a1df elementor-widget elementor-widget-text-editor\" data-id=\"f26a1df\" data-element_type=\"widget\" data-e-type=\"widget\" data-widget_type=\"text-editor.default\">\n\t\t\t\t<div class=\"elementor-widget-container\">\n\t\t\t\t\t\t\t\t\t<p>Los primeros seguidores y amigos de Jes\u00fas vieron este amor en acci\u00f3n de primera mano.<\/p>\t\t\t\t\t\t\t\t<\/div>\n\t\t\t\t<\/div>\n\t\t\t\t<div class=\"elementor-element elementor-element-57c3568 elementor-widget elementor-widget-text-editor\" data-id=\"57c3568\" data-element_type=\"widget\" data-e-type=\"widget\" data-widget_type=\"text-editor.default\">\n\t\t\t\t<div class=\"elementor-widget-container\">\n\t\t\t\t\t\t\t\t\t<p>Caminaron con \u00c9l mientras realizaba milagros, lo vieron expulsar demonios, curar a los enfermos y amar a los que no eran amados. Uno solo puede imaginar las ondas de choque que golpearon los corazones de los ap\u00f3stoles con cada golpe a los calvos que traspasaban las manos y los pies de Jes\u00fas. <em>\u00bfC\u00f3mo pod\u00edan capturar, torturar y matar a su amigo y Salvador inocente sin motivo?<\/em> \u00c9l era el Hijo de Dios. \u00bfPor qu\u00e9 no detuvo a sus acusadores? \u00bfAcaso estaba impotente? \u00bfLos hab\u00eda abandonado?\u00a0<\/p><p>Pero tres d\u00edas despu\u00e9s, sus temores y preguntas cesaron. Jes\u00fas se levant\u00f3 de entre los muertos y se les apareci\u00f3. Hab\u00eda asumido el castigo de ellos sobre s\u00ed mismo. La misericordia fue ofrecida a todos en la cruz, y cuando resucit\u00f3 de la tumba tres d\u00edas despu\u00e9s, la brecha entre la humanidad y Dios se cerr\u00f3. <em>La vida triunf\u00f3 sobre el pecado y la muerte.<\/em><\/p>\t\t\t\t\t\t\t\t<\/div>\n\t\t\t\t<\/div>\n\t\t\t\t\t<\/div>\n\t\t<\/div>\n\t\t\t\t\t<\/div>\n\t\t<\/section>\n\t\t\t\t<section class=\"elementor-section elementor-top-section elementor-element elementor-element-1197527 elementor-section-content-middle elementor-section-boxed elementor-section-height-default elementor-section-height-default wpr-particle-no wpr-jarallax-no wpr-parallax-no wpr-sticky-section-no\" data-id=\"1197527\" data-element_type=\"section\" data-e-type=\"section\">\n\t\t\t\t\t\t<div class=\"elementor-container elementor-column-gap-default\">\n\t\t\t\t\t<div class=\"elementor-column elementor-col-100 elementor-top-column elementor-element elementor-element-bfb61d9\" data-id=\"bfb61d9\" data-element_type=\"column\" data-e-type=\"column\" data-settings=\"{&quot;background_background&quot;:&quot;classic&quot;}\">\n\t\t\t<div class=\"elementor-widget-wrap elementor-element-populated\">\n\t\t\t\t\t\t<div class=\"elementor-element elementor-element-02ef3b2 elementor-widget elementor-widget-text-editor\" data-id=\"02ef3b2\" data-element_type=\"widget\" data-e-type=\"widget\" data-widget_type=\"text-editor.default\">\n\t\t\t\t<div class=\"elementor-widget-container\">\n\t\t\t\t\t\t\t\t\t<p>Pero Dios, que es rico en misericordia, por su gran amor con que nos am\u00f3, aun estando nosotros muertos en pecados, nos dio vida juntamente con Cristo (por gracia sois salvos). Juntamente con \u00e9l nos resucit\u00f3, y asimismo nos hizo sentar en los lugares celestiales con Cristo Jes\u00fas, para mostrar en los siglos venideros las abundantes riquezas de su gracia en su bondad para con nosotros en Cristo Jes\u00fas \u2013 Efesios 2:4-7<\/p>\t\t\t\t\t\t\t\t<\/div>\n\t\t\t\t<\/div>\n\t\t\t\t\t<\/div>\n\t\t<\/div>\n\t\t\t\t\t<\/div>\n\t\t<\/section>\n\t\t\t\t<section class=\"elementor-section elementor-top-section elementor-element elementor-element-02d2521 elementor-section-boxed elementor-section-height-default elementor-section-height-default wpr-particle-no wpr-jarallax-no wpr-parallax-no wpr-sticky-section-no\" data-id=\"02d2521\" data-element_type=\"section\" data-e-type=\"section\">\n\t\t\t\t\t\t<div class=\"elementor-container elementor-column-gap-default\">\n\t\t\t\t\t<div class=\"elementor-column elementor-col-100 elementor-top-column elementor-element elementor-element-852740e\" data-id=\"852740e\" data-element_type=\"column\" data-e-type=\"column\">\n\t\t\t<div class=\"elementor-widget-wrap elementor-element-populated\">\n\t\t\t\t\t\t<div class=\"elementor-element elementor-element-2706b97 elementor-widget elementor-widget-text-editor\" data-id=\"2706b97\" data-element_type=\"widget\" data-e-type=\"widget\" data-widget_type=\"text-editor.default\">\n\t\t\t\t<div class=\"elementor-widget-container\">\n\t\t\t\t\t\t\t\t\t<p>Como los disc\u00edpulos, tal vez te sientas solo \u2014 abandonado por Dios.<\/p>\t\t\t\t\t\t\t\t<\/div>\n\t\t\t\t<\/div>\n\t\t\t\t<div class=\"elementor-element elementor-element-b7e1631 elementor-widget elementor-widget-text-editor\" data-id=\"b7e1631\" data-element_type=\"widget\" data-e-type=\"widget\" data-widget_type=\"text-editor.default\">\n\t\t\t\t<div class=\"elementor-widget-container\">\n\t\t\t\t\t\t\t\t\t<p><em>La Pascua es una prueba de que no importa cu\u00e1n sombr\u00eda se vea una situaci\u00f3n, la vida es posible. No solo el tipo de vida que apenas lo logra, sino el tipo de vida que corre libre y respira con tranquilidad: la vida para la que fuiste hecho.<\/em><\/p><p>\u00bfEst\u00e1s cansado? \u00bfTu vida se siente vac\u00eda? Ven a Jes\u00fas. Abre tu coraz\u00f3n con gran anticipaci\u00f3n y expectativa. No importa d\u00f3nde te encuentres o lo que hayas hecho, Dios te ofrece una nueva vida hoy.<\/p>\t\t\t\t\t\t\t\t<\/div>\n\t\t\t\t<\/div>\n\t\t\t\t\t<\/div>\n\t\t<\/div>\n\t\t\t\t\t<\/div>\n\t\t<\/section>\n\t\t\t\t<section class=\"elementor-section elementor-top-section elementor-element elementor-element-b38761a elementor-section-boxed elementor-section-height-default elementor-section-height-default wpr-particle-no wpr-jarallax-no wpr-parallax-no wpr-sticky-section-no\" data-id=\"b38761a\" data-element_type=\"section\" data-e-type=\"section\" data-settings=\"{&quot;background_background&quot;:&quot;classic&quot;}\">\n\t\t\t\t\t\t<div class=\"elementor-container elementor-column-gap-default\">\n\t\t\t\t\t<div class=\"elementor-column elementor-col-100 elementor-top-column elementor-element elementor-element-d9a6724\" data-id=\"d9a6724\" data-element_type=\"column\" data-e-type=\"column\">\n\t\t\t<div class=\"elementor-widget-wrap elementor-element-populated\">\n\t\t\t\t\t\t<div class=\"elementor-element elementor-element-656ba61 elementor-widget elementor-widget-text-editor\" data-id=\"656ba61\" data-element_type=\"widget\" data-e-type=\"widget\" data-widget_type=\"text-editor.default\">\n\t\t\t\t<div class=\"elementor-widget-container\">\n\t\t\t\t\t\t\t\t\t<p>\u201cNing\u00fan pozo es tan profundo que \u00c9l no sea a\u00fan m\u00e1s profundo; con Jes\u00fas, incluso en nuestros momentos m\u00e1s oscuros, <br>lo mejor permanece y lo mejor est\u00e1 por llegar\u201d.<\/p>\t\t\t\t\t\t\t\t<\/div>\n\t\t\t\t<\/div>\n\t\t\t\t<div class=\"elementor-element elementor-element-6f6e65b elementor-widget elementor-widget-text-editor\" data-id=\"6f6e65b\" data-element_type=\"widget\" data-e-type=\"widget\" data-widget_type=\"text-editor.default\">\n\t\t\t\t<div class=\"elementor-widget-container\">\n\t\t\t\t\t\t\t\t\t<p>Corrie Ten Boom<\/p>\t\t\t\t\t\t\t\t<\/div>\n\t\t\t\t<\/div>\n\t\t\t\t\t<\/div>\n\t\t<\/div>\n\t\t\t\t\t<\/div>\n\t\t<\/section>\n\t\t\t\t<section class=\"elementor-section elementor-top-section elementor-element elementor-element-702a682 elementor-section-boxed elementor-section-height-default elementor-section-height-default wpr-particle-no wpr-jarallax-no wpr-parallax-no wpr-sticky-section-no\" data-id=\"702a682\" data-element_type=\"section\" data-e-type=\"section\">\n\t\t\t\t\t\t<div class=\"elementor-container elementor-column-gap-default\">\n\t\t\t\t\t<div class=\"elementor-column elementor-col-100 elementor-top-column elementor-element elementor-element-b58e295\" data-id=\"b58e295\" data-element_type=\"column\" data-e-type=\"column\">\n\t\t\t<div class=\"elementor-widget-wrap elementor-element-populated\">\n\t\t\t\t\t\t<div class=\"elementor-element elementor-element-426d408 elementor-widget elementor-widget-text-editor\" data-id=\"426d408\" data-element_type=\"widget\" data-e-type=\"widget\" data-widget_type=\"text-editor.default\">\n\t\t\t\t<div class=\"elementor-widget-container\">\n\t\t\t\t\t\t\t\t\t<p>Si quieres conocer m\u00e1s sobre Jes\u00fas, puedes hacer esta oraci\u00f3n ahora mismo:<i> Jes\u00fas, quiero esta nueva vida que prometiste. Quiero recibir la esperanza, el gozo y la sanidad que me compraste en la cruz, y quiero entrar en tu vida de resurrecci\u00f3n. Mu\u00e9strame qui\u00e9n eres. Demuestra que eres real para m\u00ed hoy y dame los ojos para verte. Am\u00e9n.<\/i><\/p>\t\t\t\t\t\t\t\t<\/div>\n\t\t\t\t<\/div>\n\t\t\t\t\t<\/div>\n\t\t<\/div>\n\t\t\t\t\t<\/div>\n\t\t<\/section>\n\t\t\t\t<section class=\"elementor-section elementor-top-section elementor-element elementor-element-926c6ab elementor-section-boxed elementor-section-height-default elementor-section-height-default wpr-particle-no wpr-jarallax-no wpr-parallax-no wpr-sticky-section-no\" data-id=\"926c6ab\" data-element_type=\"section\" data-e-type=\"section\">\n\t\t\t\t\t\t<div class=\"elementor-container elementor-column-gap-default\">\n\t\t\t\t\t<div class=\"elementor-column elementor-col-100 elementor-top-column elementor-element elementor-element-17cb212\" data-id=\"17cb212\" data-element_type=\"column\" data-e-type=\"column\">\n\t\t\t<div class=\"elementor-widget-wrap elementor-element-populated\">\n\t\t\t\t\t\t<div class=\"elementor-element elementor-element-03773d0 elementor-widget elementor-widget-image\" data-id=\"03773d0\" data-element_type=\"widget\" data-e-type=\"widget\" data-widget_type=\"image.default\">\n\t\t\t\t<div class=\"elementor-widget-container\">\n\t\t\t\t\t\t\t\t\t\t\t\t\t\t\t<img decoding=\"async\" src=\"https:\/\/encounter.com\/wp-content\/uploads\/RS_icons.png\" title=\"RS_icons\" alt=\"RS_icons\" loading=\"lazy\" \/>\t\t\t\t\t\t\t\t\t\t\t\t\t\t\t<\/div>\n\t\t\t\t<\/div>\n\t\t\t\t\t<\/div>\n\t\t<\/div>\n\t\t\t\t\t<\/div>\n\t\t<\/section>\n\t\t\t\t<\/div>","protected":false},"excerpt":{"rendered":"<p>Easter is an exciting time of celebration. Enjoying the warmth of spring and blooming flowers reminds us of the power of life. But Easter holds more. It is about dormant hearts waking up to hope. It is a celebration of wholeness from devastation and victory over brokenness. Jesus\u2019 love for us defines Easter. Easter is the true story of Jesus being crucified on the cross for our sins, rising from the dead three days later, and offering us the same living power that dwelled inside of him. Easter is an exciting time of celebration. Enjoying the warmth of spring and blooming flowers reminds us of the power of life. But Easter holds more. It is about dormant hearts waking up to hope. It is a celebration of wholeness from devastation and victory over brokenness. Jesus\u2019 love for us defines Easter. Easter is the true story of Jesus being crucified on the cross for our sins, rising from the dead three days later, and offering us the same living power that dwelled inside of him. And God raised the Lord and will also raise us up by his power. \u2013 1 Cor. 6:14 That is something to celebrate! The first followers and friends of Jesus saw this love at work firsthand. They walked with him as he performed miracles \u2014 watching him cast out demons, heal the sick, and love the unlovable. One can only imagine the shockwaves that pounded the apostles\u2019 hearts with each nail driven into Jesus\u2019 hands and feet. How could their innocent friend and Savior be captured, tortured, and killed without cause? He was the Son of God. Why didn\u2019t he stop his accusers? Was he powerless? Had he abandoned them?&nbsp; But three days later, their fears and questions ceased. Jesus rose from the dead and appeared to them. He had taken their punishment upon himself. Mercy was given to all on the cross, and when he rose from the grave three days later, the gap between humanity and God was closed. Life was victorious over sin and death. But God, being rich in mercy, because of the great love with which he loved us, even when we were dead in our trespasses, made us alive together with Christ \u2014 by grace you have been saved \u2014 and raised us up with him and seated us with him in the heavenly places in Christ Jesus, so that in the coming ages he might show the immeasurable riches of his grace in kindness toward us in Christ Jesus. \u2013 Ephesians 2:4-7 Like the disciples, maybe you feel alone \u2014 abandoned by God. Easter is proof that no matter how grim a situation looks, life is possible. Not just barely-making-it-by kind of life but running-free-and-breathing-easy sort of life \u2014 the life you were made for. Are you tired? Does your life feel empty? Come to Jesus. Open your heart with great anticipation and expectation. No matter where you are or what you\u2019ve done, God offers you new life today. \u201cNo pit is so deep that He is not deeper still; with Jesus, even in our darkest moments, the best remains and the very best is yet to be.\u201d Corrie Ten Boom If you want to know more about Jesus, you can pray this prayer right now: Jesus, I want this new life that you promised. I want to receive the hope, joy, and healing you purchased for me on the cross, and I want to enter your resurrection life. Show me who you are. Prove yourself real to me today and give me the eyes to see you. Amen.<\/p>","protected":false},"author":10,"featured_media":2800,"parent":0,"menu_order":0,"comment_status":"closed","ping_status":"closed","template":"elementor_header_footer","meta":{"footnotes":""},"class_list":["post-2797","page","type-page","status-publish","has-post-thumbnail","hentry"],"acf":[],"_links":{"self":[{"href":"https:\/\/encounter.com\/es\/wp-json\/wp\/v2\/pages\/2797","targetHints":{"allow":["GET"]}}],"collection":[{"href":"https:\/\/encounter.com\/es\/wp-json\/wp\/v2\/pages"}],"about":[{"href":"https:\/\/encounter.com\/es\/wp-json\/wp\/v2\/types\/page"}],"author":[{"embeddable":true,"href":"https:\/\/encounter.com\/es\/wp-json\/wp\/v2\/users\/10"}],"replies":[{"embeddable":true,"href":"https:\/\/encounter.com\/es\/wp-json\/wp\/v2\/comments?post=2797"}],"version-history":[{"count":0,"href":"https:\/\/encounter.com\/es\/wp-json\/wp\/v2\/pages\/2797\/revisions"}],"wp:featuredmedia":[{"embeddable":true,"href":"https:\/\/encounter.com\/es\/wp-json\/wp\/v2\/media\/2800"}],"wp:attachment":[{"href":"https:\/\/encounter.com\/es\/wp-json\/wp\/v2\/media?parent=2797"}],"curies":[{"name":"wp","href":"https:\/\/api.w.org\/{rel}","templated":true}]}}