{"id":1920,"date":"2021-08-26T21:17:15","date_gmt":"2021-08-26T21:17:15","guid":{"rendered":"https:\/\/s43008.p1365.sites.pressdns.com\/?page_id=1920"},"modified":"2021-11-24T03:40:30","modified_gmt":"2021-11-24T03:40:30","slug":"follow-jesus","status":"publish","type":"page","link":"https:\/\/encounter.com\/pt\/","title":{"rendered":"Follow Jesus"},"content":{"rendered":"<div data-elementor-type=\"wp-post\" data-elementor-id=\"1920\" class=\"elementor elementor-1920\" data-elementor-post-type=\"page\">\n\t\t\t\t\t\t<section class=\"elementor-section elementor-top-section elementor-element elementor-element-dbe3ee3 elementor-section-boxed elementor-section-height-default elementor-section-height-default wpr-particle-no wpr-jarallax-no wpr-parallax-no wpr-sticky-section-no\" data-id=\"dbe3ee3\" data-element_type=\"section\" data-e-type=\"section\">\n\t\t\t\t\t\t<div class=\"elementor-container elementor-column-gap-default\">\n\t\t\t\t\t<div class=\"elementor-column elementor-col-100 elementor-top-column elementor-element elementor-element-92b462a\" data-id=\"92b462a\" data-element_type=\"column\" data-e-type=\"column\">\n\t\t\t<div class=\"elementor-widget-wrap elementor-element-populated\">\n\t\t\t\t\t\t<div class=\"elementor-element elementor-element-89ff37c elementor-widget elementor-widget-heading\" data-id=\"89ff37c\" data-element_type=\"widget\" data-e-type=\"widget\" data-widget_type=\"heading.default\">\n\t\t\t\t<div class=\"elementor-widget-container\">\n\t\t\t\t\t<h1 class=\"elementor-heading-title elementor-size-xxl\">Venha, <br>Siga <br>Jesus<\/h1>\t\t\t\t<\/div>\n\t\t\t\t<\/div>\n\t\t\t\t\t<\/div>\n\t\t<\/div>\n\t\t\t\t\t<\/div>\n\t\t<\/section>\n\t\t\t\t<section class=\"elementor-section elementor-top-section elementor-element elementor-element-ebeb83e elementor-reverse-tablet elementor-reverse-mobile elementor-section-boxed elementor-section-height-default elementor-section-height-default wpr-particle-no wpr-jarallax-no wpr-parallax-no wpr-sticky-section-no\" data-id=\"ebeb83e\" data-element_type=\"section\" data-e-type=\"section\">\n\t\t\t\t\t\t<div class=\"elementor-container elementor-column-gap-wider\">\n\t\t\t\t\t<div class=\"elementor-column elementor-col-66 elementor-top-column elementor-element elementor-element-8cae0e4\" data-id=\"8cae0e4\" data-element_type=\"column\" data-e-type=\"column\">\n\t\t\t<div class=\"elementor-widget-wrap elementor-element-populated\">\n\t\t\t\t\t\t<div class=\"elementor-element elementor-element-bcb9f75 elementor-widget elementor-widget-text-editor\" data-id=\"bcb9f75\" data-element_type=\"widget\" data-e-type=\"widget\" data-widget_type=\"text-editor.default\">\n\t\t\t\t<div class=\"elementor-widget-container\">\n\t\t\t\t\t\t\t\t\t<h3>H\u00e1 Algo Faltando<\/h3><p><span style=\"color: #464646; font-family: Roboto; font-variant-ligatures: normal; letter-spacing: 0.4px; orphans: 2; widows: 2; text-decoration-thickness: initial;\">Quando voc\u00ea olha para sua vida, talvez veja que falta algo \u2013 alegria, prop\u00f3sito, esperan\u00e7a , cura, relacionamentos saud\u00e1veis ou liberdade de um v\u00edcio. Talvez seja um desejo profundo de ser entendido, amado e aceito. Ou talvez, voc\u00ea s\u00f3 sente que voc\u00ea tenha se perdido e que a vida est\u00e1 mais complicada do que nunca. Seguir a jesus n\u00e3o significa que todo desafio, d\u00favida e circunst\u00e2ncia dolorosa da vida desaparecer\u00e1, mas Ele entende tudo que voc\u00ea est\u00e1 sentindo e quer caminhar com voc\u00ea por tudo isso. Esse algo que est\u00e1 faltando em sua vida \u00e9 Jesus.<\/span><\/p>\t\t\t\t\t\t\t\t<\/div>\n\t\t\t\t<\/div>\n\t\t\t\t\t<\/div>\n\t\t<\/div>\n\t\t\t\t<div class=\"elementor-column elementor-col-33 elementor-top-column elementor-element elementor-element-2f70fc3\" data-id=\"2f70fc3\" data-element_type=\"column\" data-e-type=\"column\">\n\t\t\t<div class=\"elementor-widget-wrap elementor-element-populated\">\n\t\t\t\t\t\t<div class=\"elementor-element elementor-element-34d8d42 elementor-widget elementor-widget-image\" data-id=\"34d8d42\" data-element_type=\"widget\" data-e-type=\"widget\" data-widget_type=\"image.default\">\n\t\t\t\t<div class=\"elementor-widget-container\">\n\t\t\t\t\t\t\t\t\t\t\t\t\t\t\t<img decoding=\"async\" src=\"https:\/\/encounter.com\/wp-content\/uploads\/elementor\/thumbs\/compass-graphic-przf8ey79y0abmp3d1dcw7c9hh3wtbjunqgx8vtxxc.png\" title=\"compass-graphic\" alt=\"compass-graphic\" loading=\"lazy\" \/>\t\t\t\t\t\t\t\t\t\t\t\t\t\t\t<\/div>\n\t\t\t\t<\/div>\n\t\t\t\t\t<\/div>\n\t\t<\/div>\n\t\t\t\t\t<\/div>\n\t\t<\/section>\n\t\t\t\t<section class=\"elementor-section elementor-top-section elementor-element elementor-element-08461a9 elementor-section-boxed elementor-section-height-default elementor-section-height-default wpr-particle-no wpr-jarallax-no wpr-parallax-no wpr-sticky-section-no\" data-id=\"08461a9\" data-element_type=\"section\" data-e-type=\"section\">\n\t\t\t\t\t\t<div class=\"elementor-container elementor-column-gap-wider\">\n\t\t\t\t\t<div class=\"elementor-column elementor-col-33 elementor-top-column elementor-element elementor-element-c6f85bc\" data-id=\"c6f85bc\" data-element_type=\"column\" data-e-type=\"column\">\n\t\t\t<div class=\"elementor-widget-wrap elementor-element-populated\">\n\t\t\t\t\t\t<div class=\"elementor-element elementor-element-d29b166 elementor-widget elementor-widget-image\" data-id=\"d29b166\" data-element_type=\"widget\" data-e-type=\"widget\" data-widget_type=\"image.default\">\n\t\t\t\t<div class=\"elementor-widget-container\">\n\t\t\t\t\t\t\t\t\t\t\t\t\t\t\t<img decoding=\"async\" src=\"https:\/\/encounter.com\/wp-content\/uploads\/elementor\/thumbs\/gift-graphic-przh212mclturpdz7wetg59marpb4p1bchw498jlkw.png\" title=\"gift-graphic\" alt=\"gift-graphic\" loading=\"lazy\" \/>\t\t\t\t\t\t\t\t\t\t\t\t\t\t\t<\/div>\n\t\t\t\t<\/div>\n\t\t\t\t\t<\/div>\n\t\t<\/div>\n\t\t\t\t<div class=\"elementor-column elementor-col-66 elementor-top-column elementor-element elementor-element-14f9637\" data-id=\"14f9637\" data-element_type=\"column\" data-e-type=\"column\">\n\t\t\t<div class=\"elementor-widget-wrap elementor-element-populated\">\n\t\t\t\t\t\t<div class=\"elementor-element elementor-element-a1bc950 elementor-widget elementor-widget-text-editor\" data-id=\"a1bc950\" data-element_type=\"widget\" data-e-type=\"widget\" data-widget_type=\"text-editor.default\">\n\t\t\t\t<div class=\"elementor-widget-container\">\n\t\t\t\t\t\t\t\t\t<h2 style=\"box-sizing: inherit; font-variant-ligatures: normal; letter-spacing: 0.4px; orphans: 2; widows: 2; text-decoration-thickness: initial;\">Jesus Muda Tudo<\/h2><p style=\"box-sizing: inherit; color: #464646; font-family: Roboto; font-variant-ligatures: normal; orphans: 2; widows: 2; text-decoration-thickness: initial;\">Desde os prim\u00f3rdios da humanidade, Deus sempre desejou uma coisa: um relacionamento conosco. N\u00f3s fomos criados para conhec\u00ea-lo e sermos conhecidos por Ele. Mas, ao colocarmos outras coisas acima de Deus, o pecado e a culpa nos separaram Dele. \u00c9 por isso que Deus enviou seu filho Jesus,  a morte e ressurei\u00e7\u00e3o Dele tornaram-se a demonstra\u00e7\u00e3o definitiva do Seu amor por n\u00f3s. Jesus veio para nos redimir e tirar a escurid\u00e3o das nossas vidas. Ele est\u00e1 sempre nos buscando e, mesmo quando trope\u00e7amos, Seu amor por n\u00f3s nunca muda.<\/p>\t\t\t\t\t\t\t\t<\/div>\n\t\t\t\t<\/div>\n\t\t\t\t\t<\/div>\n\t\t<\/div>\n\t\t\t\t\t<\/div>\n\t\t<\/section>\n\t\t\t\t<section class=\"elementor-section elementor-top-section elementor-element elementor-element-6cd348f elementor-reverse-tablet elementor-reverse-mobile elementor-section-boxed elementor-section-height-default elementor-section-height-default wpr-particle-no wpr-jarallax-no wpr-parallax-no wpr-sticky-section-no\" data-id=\"6cd348f\" data-element_type=\"section\" data-e-type=\"section\">\n\t\t\t\t\t\t<div class=\"elementor-container elementor-column-gap-wider\">\n\t\t\t\t\t<div class=\"elementor-column elementor-col-66 elementor-top-column elementor-element elementor-element-41a1949\" data-id=\"41a1949\" data-element_type=\"column\" data-e-type=\"column\">\n\t\t\t<div class=\"elementor-widget-wrap elementor-element-populated\">\n\t\t\t\t\t\t<div class=\"elementor-element elementor-element-5f1f0d5 elementor-widget elementor-widget-text-editor\" data-id=\"5f1f0d5\" data-element_type=\"widget\" data-e-type=\"widget\" data-widget_type=\"text-editor.default\">\n\t\t\t\t<div class=\"elementor-widget-container\">\n\t\t\t\t\t\t\t\t\t<h2 style=\"box-sizing: inherit; font-variant-ligatures: normal; letter-spacing: 0.4px; orphans: 2; widows: 2; text-decoration-thickness: initial;\">Uma Vida Nova<\/h2><p style=\"box-sizing: inherit; color: #464646; font-family: Roboto; font-variant-ligatures: normal; orphans: 2; widows: 2; text-decoration-thickness: initial;\">Jesus deseja reescrever sua hist\u00f3ria e te dar um recome\u00e7o. Ele est\u00e1 dispon\u00edvel para voc\u00ea como um auxiliador, professor, confortador e amigo. Voc\u00ea tem acesso a um relacionamento verdadeiro com Deus e, nesse lugar de intimidade , hoje sua vida pode ter um novo futuro. Clique no bot\u00e3o abaixo para descobrir o que fazer agora.<\/p>\t\t\t\t\t\t\t\t<\/div>\n\t\t\t\t<\/div>\n\t\t\t\t<div class=\"elementor-element elementor-element-3b184c7 elementor-widget elementor-widget-button\" data-id=\"3b184c7\" data-element_type=\"widget\" data-e-type=\"widget\" data-widget_type=\"button.default\">\n\t\t\t\t<div class=\"elementor-widget-container\">\n\t\t\t\t\t\t\t\t\t<div class=\"elementor-button-wrapper\">\n\t\t\t\t\t<a class=\"elementor-button elementor-button-link elementor-size-sm\" href=\"\/pt\/whats-next\/\">\n\t\t\t\t\t\t<span class=\"elementor-button-content-wrapper\">\n\t\t\t\t\t\t\t\t\t<span class=\"elementor-button-text\">SABER MAIS<\/span>\n\t\t\t\t\t<\/span>\n\t\t\t\t\t<\/a>\n\t\t\t\t<\/div>\n\t\t\t\t\t\t\t\t<\/div>\n\t\t\t\t<\/div>\n\t\t\t\t\t<\/div>\n\t\t<\/div>\n\t\t\t\t<div class=\"elementor-column elementor-col-33 elementor-top-column elementor-element elementor-element-4db5197\" data-id=\"4db5197\" data-element_type=\"column\" data-e-type=\"column\">\n\t\t\t<div class=\"elementor-widget-wrap elementor-element-populated\">\n\t\t\t\t\t\t<div class=\"elementor-element elementor-element-35d1d36 elementor-widget elementor-widget-image\" data-id=\"35d1d36\" data-element_type=\"widget\" data-e-type=\"widget\" data-widget_type=\"image.default\">\n\t\t\t\t<div class=\"elementor-widget-container\">\n\t\t\t\t\t\t\t\t\t\t\t\t\t\t\t<img decoding=\"async\" src=\"https:\/\/encounter.com\/wp-content\/uploads\/elementor\/thumbs\/plant-graphic-przh0hm55dpxqpmj7qftv19f91anijx5gvegxwtts0.png\" title=\"plant-graphic\" alt=\"plant-graphic\" loading=\"lazy\" \/>\t\t\t\t\t\t\t\t\t\t\t\t\t\t\t<\/div>\n\t\t\t\t<\/div>\n\t\t\t\t\t<\/div>\n\t\t<\/div>\n\t\t\t\t\t<\/div>\n\t\t<\/section>\n\t\t\t\t<\/div>","protected":false},"excerpt":{"rendered":"<p>Come, Follow Jesus There&#8217;s Something Missing When you look at your life, maybe there\u2019s something missing \u2014 joy, purpose, hope, healing, healthy relationships or freedom from addiction. Maybe it\u2019s a deep longing to be known, loved, and accepted. Or maybe you just feel like you\u2019ve lost your way and life is much more complicated than it used to be. Following Jesus doesn\u2019t mean every challenge, question, and painful circumstance in life will go away, but he understands every emotion you\u2019re feeling and wants to walk with you through it all. The something that is missing in your life is Jesus. Jesus Changes Everything Since the beginning of humanity, God has always desired one thing \u2014 relationship with us. We were made to know him and be known by him. But as we chose other things over God, sin and shame separated us from him. That\u2019s why God sent his son Jesus, and his death and resurrection became the ultimate demonstration of his love for us. Jesus came to redeem us and drive darkness away from our lives. He is always pursuing us and even when we stumble, his love for us never changes. A New Life Jesus wants to rewrite your story and give you a new beginning. He is available to you as a helper, teacher, comforter and friend. You have access to a true relationship with God, and in this place of intimacy, today your life can have a new future. Click the button below to find out what\u2019s next. LEARN MORE<\/p>","protected":false},"author":12,"featured_media":0,"parent":0,"menu_order":0,"comment_status":"closed","ping_status":"closed","template":"","meta":{"footnotes":""},"class_list":["post-1920","page","type-page","status-publish","hentry"],"acf":[],"_links":{"self":[{"href":"https:\/\/encounter.com\/pt\/wp-json\/wp\/v2\/pages\/1920","targetHints":{"allow":["GET"]}}],"collection":[{"href":"https:\/\/encounter.com\/pt\/wp-json\/wp\/v2\/pages"}],"about":[{"href":"https:\/\/encounter.com\/pt\/wp-json\/wp\/v2\/types\/page"}],"author":[{"embeddable":true,"href":"https:\/\/encounter.com\/pt\/wp-json\/wp\/v2\/users\/12"}],"replies":[{"embeddable":true,"href":"https:\/\/encounter.com\/pt\/wp-json\/wp\/v2\/comments?post=1920"}],"version-history":[{"count":0,"href":"https:\/\/encounter.com\/pt\/wp-json\/wp\/v2\/pages\/1920\/revisions"}],"wp:attachment":[{"href":"https:\/\/encounter.com\/pt\/wp-json\/wp\/v2\/media?parent=1920"}],"curies":[{"name":"wp","href":"https:\/\/api.w.org\/{rel}","templated":true}]}}