{"id":2426,"date":"2021-10-27T01:04:44","date_gmt":"2021-10-27T01:04:44","guid":{"rendered":"https:\/\/s43008.p1365.sites.pressdns.com\/?page_id=2426"},"modified":"2021-12-01T16:04:58","modified_gmt":"2021-12-01T16:04:58","slug":"being-found","status":"publish","type":"page","link":"https:\/\/encounter.com\/pt\/being-found\/","title":{"rendered":"Being Found"},"content":{"rendered":"<div data-elementor-type=\"wp-page\" data-elementor-id=\"2426\" class=\"elementor elementor-2426\" data-elementor-post-type=\"page\">\n\t\t\t\t\t\t<section class=\"elementor-section elementor-top-section elementor-element elementor-element-6003ef3 elementor-section-full_width elementor-section-stretched elementor-hidden-mobile elementor-section-height-default elementor-section-height-default wpr-particle-no wpr-jarallax-no wpr-parallax-no wpr-sticky-section-no\" data-id=\"6003ef3\" data-element_type=\"section\" data-e-type=\"section\" data-settings=\"{&quot;stretch_section&quot;:&quot;section-stretched&quot;}\">\n\t\t\t\t\t\t<div class=\"elementor-container elementor-column-gap-no\">\n\t\t\t\t\t<div class=\"elementor-column elementor-col-100 elementor-top-column elementor-element elementor-element-a13bdda\" data-id=\"a13bdda\" data-element_type=\"column\" data-e-type=\"column\">\n\t\t\t<div class=\"elementor-widget-wrap elementor-element-populated\">\n\t\t\t\t\t\t<div class=\"elementor-element elementor-element-c7c7d20 elementor-widget elementor-widget-image\" data-id=\"c7c7d20\" data-element_type=\"widget\" data-e-type=\"widget\" data-widget_type=\"image.default\">\n\t\t\t\t<div class=\"elementor-widget-container\">\n\t\t\t\t\t\t\t\t\t\t\t\t\t\t\t<img fetchpriority=\"high\" decoding=\"async\" width=\"2400\" height=\"1022\" src=\"https:\/\/encounter.com\/wp-content\/uploads\/Group-81@2x.png\" class=\"attachment-full size-full wp-image-2445\" alt=\"The Story of the Lost Sheep\" srcset=\"https:\/\/encounter.com\/wp-content\/uploads\/Group-81@2x.png 2400w, https:\/\/encounter.com\/wp-content\/uploads\/Group-81@2x-800x341.png 800w, https:\/\/encounter.com\/wp-content\/uploads\/Group-81@2x-1160x494.png 1160w, https:\/\/encounter.com\/wp-content\/uploads\/Group-81@2x-1536x654.png 1536w, https:\/\/encounter.com\/wp-content\/uploads\/Group-81@2x-2048x872.png 2048w, https:\/\/encounter.com\/wp-content\/uploads\/Group-81@2x-18x8.png 18w, https:\/\/encounter.com\/wp-content\/uploads\/Group-81@2x-1140x485.png 1140w\" sizes=\"(max-width: 2400px) 100vw, 2400px\" \/>\t\t\t\t\t\t\t\t\t\t\t\t\t\t\t<\/div>\n\t\t\t\t<\/div>\n\t\t\t\t\t<\/div>\n\t\t<\/div>\n\t\t\t\t\t<\/div>\n\t\t<\/section>\n\t\t\t\t<section class=\"elementor-section elementor-top-section elementor-element elementor-element-ed9eeb1 elementor-section-full_width elementor-section-stretched elementor-section-height-default elementor-section-height-default wpr-particle-no wpr-jarallax-no wpr-parallax-no wpr-sticky-section-no\" data-id=\"ed9eeb1\" data-element_type=\"section\" data-e-type=\"section\" data-settings=\"{&quot;stretch_section&quot;:&quot;section-stretched&quot;}\">\n\t\t\t\t\t\t<div class=\"elementor-container elementor-column-gap-no\">\n\t\t\t\t\t<div class=\"elementor-column elementor-col-100 elementor-top-column elementor-element elementor-element-ee097e7\" data-id=\"ee097e7\" data-element_type=\"column\" data-e-type=\"column\">\n\t\t\t<div class=\"elementor-widget-wrap elementor-element-populated\">\n\t\t\t\t\t\t<div class=\"elementor-element elementor-element-4b1a9c9 elementor-hidden-desktop elementor-hidden-tablet elementor-widget elementor-widget-image\" data-id=\"4b1a9c9\" data-element_type=\"widget\" data-e-type=\"widget\" data-widget_type=\"image.default\">\n\t\t\t\t<div class=\"elementor-widget-container\">\n\t\t\t\t\t\t\t\t\t\t\t\t\t\t\t<img decoding=\"async\" width=\"750\" height=\"1022\" src=\"https:\/\/encounter.com\/wp-content\/uploads\/Group-81@2x-1.png\" class=\"attachment-full size-full wp-image-2447\" alt=\"The Story of the Lost Sheep\" srcset=\"https:\/\/encounter.com\/wp-content\/uploads\/Group-81@2x-1.png 750w, https:\/\/encounter.com\/wp-content\/uploads\/Group-81@2x-1-9x12.png 9w\" sizes=\"(max-width: 750px) 100vw, 750px\" \/>\t\t\t\t\t\t\t\t\t\t\t\t\t\t\t<\/div>\n\t\t\t\t<\/div>\n\t\t\t\t\t<\/div>\n\t\t<\/div>\n\t\t\t\t\t<\/div>\n\t\t<\/section>\n\t\t\t\t<section class=\"elementor-section elementor-top-section elementor-element elementor-element-75871a6 elementor-section-boxed elementor-section-height-default elementor-section-height-default wpr-particle-no wpr-jarallax-no wpr-parallax-no wpr-sticky-section-no\" data-id=\"75871a6\" data-element_type=\"section\" data-e-type=\"section\">\n\t\t\t\t\t\t<div class=\"elementor-container elementor-column-gap-default\">\n\t\t\t\t\t<div class=\"elementor-column elementor-col-100 elementor-top-column elementor-element elementor-element-4feb0af\" data-id=\"4feb0af\" data-element_type=\"column\" data-e-type=\"column\">\n\t\t\t<div class=\"elementor-widget-wrap elementor-element-populated\">\n\t\t\t\t\t\t<div class=\"elementor-element elementor-element-037f140 amazing-header-title elementor-widget elementor-widget-heading\" data-id=\"037f140\" data-element_type=\"widget\" data-e-type=\"widget\" data-widget_type=\"heading.default\">\n\t\t\t\t<div class=\"elementor-widget-container\">\n\t\t\t\t\t<h2 class=\"elementor-heading-title elementor-size-default\">Perdido e Achado<\/h2>\t\t\t\t<\/div>\n\t\t\t\t<\/div>\n\t\t\t\t\t<\/div>\n\t\t<\/div>\n\t\t\t\t\t<\/div>\n\t\t<\/section>\n\t\t\t\t<section class=\"elementor-section elementor-top-section elementor-element elementor-element-c1e57a9 elementor-section-boxed elementor-section-height-default elementor-section-height-default wpr-particle-no wpr-jarallax-no wpr-parallax-no wpr-sticky-section-no\" data-id=\"c1e57a9\" data-element_type=\"section\" data-e-type=\"section\">\n\t\t\t\t\t\t<div class=\"elementor-container elementor-column-gap-default\">\n\t\t\t\t\t<div class=\"elementor-column elementor-col-100 elementor-top-column elementor-element elementor-element-0bc904a\" data-id=\"0bc904a\" data-element_type=\"column\" data-e-type=\"column\">\n\t\t\t<div class=\"elementor-widget-wrap elementor-element-populated\">\n\t\t\t\t\t\t<div class=\"elementor-element elementor-element-953f7af elementor-widget elementor-widget-text-editor\" data-id=\"953f7af\" data-element_type=\"widget\" data-e-type=\"widget\" data-widget_type=\"text-editor.default\">\n\t\t\t\t<div class=\"elementor-widget-container\">\n\t\t\t\t\t\t\t\t\t<p>Em Lucas 15 encontramos as hist\u00f3rias da moeda perdida, do filho perdido e da ovelha perdida. Todas essas hist\u00f3rias t\u00eam algo em comum: <u>algo de valor foi perdido e depois encontrado<\/u>. Jesus usou essas hist\u00f3rias para nos lembrar que, apesar de havermos nos desviado de Deus e de seu plano para nossas vidas, Ele sempre ir\u00e1 buscar-nos porque Ele nos ama. Jesus \u00e9 o Bom Pastor, e Ele n\u00e3o quer que ningu\u00e9m se perca ou se separe Dele.<\/p>\t\t\t\t\t\t\t\t<\/div>\n\t\t\t\t<\/div>\n\t\t\t\t\t<\/div>\n\t\t<\/div>\n\t\t\t\t\t<\/div>\n\t\t<\/section>\n\t\t\t\t<section class=\"elementor-section elementor-top-section elementor-element elementor-element-75b35a0 elementor-section-boxed elementor-section-height-default elementor-section-height-default wpr-particle-no wpr-jarallax-no wpr-parallax-no wpr-sticky-section-no\" data-id=\"75b35a0\" data-element_type=\"section\" data-e-type=\"section\">\n\t\t\t\t\t\t<div class=\"elementor-container elementor-column-gap-default\">\n\t\t\t\t\t<div class=\"elementor-column elementor-col-100 elementor-top-column elementor-element elementor-element-0406e76\" data-id=\"0406e76\" data-element_type=\"column\" data-e-type=\"column\">\n\t\t\t<div class=\"elementor-widget-wrap elementor-element-populated\">\n\t\t\t\t\t\t<div class=\"elementor-element elementor-element-1c1512d elementor-widget elementor-widget-text-editor\" data-id=\"1c1512d\" data-element_type=\"widget\" data-e-type=\"widget\" data-widget_type=\"text-editor.default\">\n\t\t\t\t<div class=\"elementor-widget-container\">\n\t\t\t\t\t\t\t\t\t<p>Ent\u00e3o Jesus lhes contou esta par\u00e1bola: \u201cQual de voc\u00eas que, possuindo cem ovelhas, e perdendo uma, n\u00e3o deixa as noventa e nove no campo e vai atr\u00e1s da ovelha perdida, at\u00e9 encontr\u00e1-la? E quando a encontra, coloca-a alegremente nos ombros e vai para casa. Ao chegar, re\u00fane seus amigos e vizinhos e diz: \u2018Alegrem-se comigo, pois encontrei minha ovelha perdida\u2019. Eu lhes digo que, da mesma forma, haver\u00e1 mais alegria no c\u00e9u por um pecador que se arrepende do que por noventa e nove justos que n\u00e3o precisam arrepender-se. <span style=\"color: #ffffff;\">\u2013 Lucas 15:3-7<\/span><\/p>\t\t\t\t\t\t\t\t<\/div>\n\t\t\t\t<\/div>\n\t\t\t\t\t<\/div>\n\t\t<\/div>\n\t\t\t\t\t<\/div>\n\t\t<\/section>\n\t\t\t\t<section class=\"elementor-section elementor-top-section elementor-element elementor-element-07b2abc elementor-section-boxed elementor-section-height-default elementor-section-height-default wpr-particle-no wpr-jarallax-no wpr-parallax-no wpr-sticky-section-no\" data-id=\"07b2abc\" data-element_type=\"section\" data-e-type=\"section\">\n\t\t\t\t\t\t<div class=\"elementor-container elementor-column-gap-default\">\n\t\t\t\t\t<div class=\"elementor-column elementor-col-100 elementor-top-column elementor-element elementor-element-4f76d05\" data-id=\"4f76d05\" data-element_type=\"column\" data-e-type=\"column\">\n\t\t\t<div class=\"elementor-widget-wrap elementor-element-populated\">\n\t\t\t\t\t\t<div class=\"elementor-element elementor-element-b7aaeff elementor-widget elementor-widget-text-editor\" data-id=\"b7aaeff\" data-element_type=\"widget\" data-e-type=\"widget\" data-widget_type=\"text-editor.default\">\n\t\t\t\t<div class=\"elementor-widget-container\">\n\t\t\t\t\t\t\t\t\t<p>O livro The Prayer Covenant for Children \u00e9 um convite para crian\u00e7as experimentarem a ora\u00e7\u00e3o como nunca antes. Construindo uma base espiritual para a ora\u00e7\u00e3o, o livro os guia por 10 temas: gra\u00e7a, amor, compaix\u00e3o, arrependimento, adora\u00e7\u00e3o, depend\u00eancia, influ\u00eancia, discipulado e autoridade. Atividades din\u00e2micas como ora\u00e7\u00e3o pipoca, desenhos para colorir, jogos e mais, fazem com que ele seja mais divertido e cativante para todos. Junte-se aos milh\u00f5es de crian\u00e7as ao redor do mundo que est\u00e3o orando, \u201cJesus, quero aceita-lo como meu Senhor. Mude o que quiser em mim.\u201d\u00a0<\/p>\t\t\t\t\t\t\t\t<\/div>\n\t\t\t\t<\/div>\n\t\t\t\t\t<\/div>\n\t\t<\/div>\n\t\t\t\t\t<\/div>\n\t\t<\/section>\n\t\t\t\t<section class=\"elementor-section elementor-top-section elementor-element elementor-element-30db303 elementor-section-boxed elementor-section-height-default elementor-section-height-default wpr-particle-no wpr-jarallax-no wpr-parallax-no wpr-sticky-section-no\" data-id=\"30db303\" data-element_type=\"section\" data-e-type=\"section\">\n\t\t\t\t\t\t<div class=\"elementor-container elementor-column-gap-default\">\n\t\t\t\t\t<div class=\"elementor-column elementor-col-100 elementor-top-column elementor-element elementor-element-1303ba0\" data-id=\"1303ba0\" data-element_type=\"column\" data-e-type=\"column\">\n\t\t\t<div class=\"elementor-widget-wrap elementor-element-populated\">\n\t\t\t\t\t\t<div class=\"elementor-element elementor-element-7b3e90b elementor-widget elementor-widget-text-editor\" data-id=\"7b3e90b\" data-element_type=\"widget\" data-e-type=\"widget\" data-widget_type=\"text-editor.default\">\n\t\t\t\t<div class=\"elementor-widget-container\">\n\t\t\t\t\t\t\t\t\t<p><span style=\"letter-spacing: 0.4px;\">Visite <a href=\"http:\/\/ThePrayerCovenant.org\">ThePrayerCovenant.org<\/a> para encomendar o livro The Prayer Covenant for Children e acessar mais recursos.<\/span><\/p>\t\t\t\t\t\t\t\t<\/div>\n\t\t\t\t<\/div>\n\t\t\t\t\t<\/div>\n\t\t<\/div>\n\t\t\t\t\t<\/div>\n\t\t<\/section>\n\t\t\t\t<section class=\"elementor-section elementor-top-section elementor-element elementor-element-81f6f93 elementor-section-full_width elementor-section-height-min-height elementor-section-content-top elementor-section-height-default elementor-section-items-middle wpr-particle-no wpr-jarallax-no wpr-parallax-no wpr-sticky-section-no\" data-id=\"81f6f93\" data-element_type=\"section\" data-e-type=\"section\">\n\t\t\t\t\t\t<div class=\"elementor-container elementor-column-gap-no\">\n\t\t\t\t\t<div class=\"elementor-column elementor-col-100 elementor-top-column elementor-element elementor-element-c923b88\" data-id=\"c923b88\" data-element_type=\"column\" data-e-type=\"column\">\n\t\t\t<div class=\"elementor-widget-wrap elementor-element-populated\">\n\t\t\t\t\t\t<div class=\"elementor-element elementor-element-a9bb5bc elementor-widget elementor-widget-image\" data-id=\"a9bb5bc\" data-element_type=\"widget\" data-e-type=\"widget\" data-widget_type=\"image.default\">\n\t\t\t\t<div class=\"elementor-widget-container\">\n\t\t\t\t\t\t\t\t\t\t\t\t\t\t\t<img decoding=\"async\" width=\"1200\" height=\"514\" src=\"https:\/\/encounter.com\/wp-content\/uploads\/Being-Found-header-v2.png\" class=\"attachment-full size-full wp-image-2757\" alt=\"\" srcset=\"https:\/\/encounter.com\/wp-content\/uploads\/Being-Found-header-v2.png 1200w, https:\/\/encounter.com\/wp-content\/uploads\/Being-Found-header-v2-800x343.png 800w, https:\/\/encounter.com\/wp-content\/uploads\/Being-Found-header-v2-1160x497.png 1160w, https:\/\/encounter.com\/wp-content\/uploads\/Being-Found-header-v2-18x8.png 18w, https:\/\/encounter.com\/wp-content\/uploads\/Being-Found-header-v2-1140x488.png 1140w\" sizes=\"(max-width: 1200px) 100vw, 1200px\" \/>\t\t\t\t\t\t\t\t\t\t\t\t\t\t\t<\/div>\n\t\t\t\t<\/div>\n\t\t\t\t\t<\/div>\n\t\t<\/div>\n\t\t\t\t\t<\/div>\n\t\t<\/section>\n\t\t\t\t<\/div>","protected":false},"excerpt":{"rendered":"<p>Lost then Found Luke 15 tells the story of the lost coin, the lost son, and the lost sheep. These stories all have something in common: something of value that was lost and then found. They are Jesus\u2019 way of reminding us that though we have strayed from God, and His plan for our life, He will always pursue us and chase after us because He loves us and wants us to be with Him. Jesus is a Good Shepherd, and He does not want anyone to be lost or separate from Him. Then Jesus told them this parable: \u201cSuppose one of you has a hundred sheep and loses one of them. Doesn\u2019t he leave the ninety-nine in the open country and go after the lost sheep until he finds it? And when he finds it, he joyfully puts it on his shoulders and goes home. Then he calls his friends and neighbors together and says, \u2018Rejoice with me; I have found my lost sheep.\u2019 I tell you that in the same way there will be more rejoicing in heaven over one sinner who repents than over ninety-nine righteous persons who do not need to repent.\u201d \u2013 Luke 15:3-7 The Prayer Covenant for Children is an invitation for children to experience prayer like never before. While laying a spiritual foundation for prayer, it disciples them through ten themes of discipleship: grace, love, compassion, repentance, worship, dependence, influence, discipleship and authority. Dynamic activities like popcorn prayer, coloring pages, experiential games and much, much more make it fun and engaging for all. Join the millions of children around the world who are praying, \u201cJesus, I want to follow you as my Lord. Change me any way you want.\u201d\u00a0 Visit ThePrayerCovenant.org for more resources and the Prayer Covenant book.<\/p>","protected":false},"author":12,"featured_media":2422,"parent":0,"menu_order":0,"comment_status":"closed","ping_status":"closed","template":"elementor_header_footer","meta":{"footnotes":""},"class_list":["post-2426","page","type-page","status-publish","has-post-thumbnail","hentry"],"acf":[],"_links":{"self":[{"href":"https:\/\/encounter.com\/pt\/wp-json\/wp\/v2\/pages\/2426","targetHints":{"allow":["GET"]}}],"collection":[{"href":"https:\/\/encounter.com\/pt\/wp-json\/wp\/v2\/pages"}],"about":[{"href":"https:\/\/encounter.com\/pt\/wp-json\/wp\/v2\/types\/page"}],"author":[{"embeddable":true,"href":"https:\/\/encounter.com\/pt\/wp-json\/wp\/v2\/users\/12"}],"replies":[{"embeddable":true,"href":"https:\/\/encounter.com\/pt\/wp-json\/wp\/v2\/comments?post=2426"}],"version-history":[{"count":0,"href":"https:\/\/encounter.com\/pt\/wp-json\/wp\/v2\/pages\/2426\/revisions"}],"wp:featuredmedia":[{"embeddable":true,"href":"https:\/\/encounter.com\/pt\/wp-json\/wp\/v2\/media\/2422"}],"wp:attachment":[{"href":"https:\/\/encounter.com\/pt\/wp-json\/wp\/v2\/media?parent=2426"}],"curies":[{"name":"wp","href":"https:\/\/api.w.org\/{rel}","templated":true}]}}